{"id":27278,"date":"2022-11-07T07:44:57","date_gmt":"2022-11-07T06:44:57","guid":{"rendered":"https:\/\/doll.shop\/produkt\/ak-doll-lilly-165cm\/"},"modified":"2026-01-16T17:57:24","modified_gmt":"2026-01-16T16:57:24","slug":"ak-doll-lilly-165cm","status":"publish","type":"product","link":"https:\/\/doll.shop\/fr\/produit\/ak-doll-lilly-165cm\/","title":{"rendered":"AK Doll Lilly | 165cm"},"content":{"rendered":"","protected":false},"excerpt":{"rendered":"<p>AK Doll est connue pour la fabrication de poup\u00e9es sexuelles de tr\u00e8s haute qualit\u00e9. Cette poup\u00e9e d&rsquo;amour blonde aux cheveux longs et lisses est d&rsquo;une beaut\u00e9 exceptionnelle qui se distingue facilement dans la vie r\u00e9elle. Ce mod\u00e8le de la marque AK Doll est enti\u00e8rement fabriqu\u00e9 en silicone. Il va de soi que cette poup\u00e9e sexuelle est d\u00e9j\u00e0 ravissante sur les photos. Nous pouvons vous promettre que vous serez \u00e9tonn\u00e9(e) lorsque vous verrez cette poup\u00e9e pour la premi\u00e8re fois en vrai. Mais elle n&rsquo;a pas seulement un joli visage. Le corps de cette blonde est tout simplement parfait. Des jambes longues et fines et un ventre plat soulignent la sportivit\u00e9 de cette gr\u00e2ce. Les seins parfaitement ronds et les fesses fermes soulignent en revanche la f\u00e9minit\u00e9 de cette poup\u00e9e d&rsquo;amour.<\/p>\n<p>Veuillez noter que nous livrons tous les mod\u00e8les avec une perruque amovible par d\u00e9faut. Si vous souhaitez une perruque implant\u00e9e, veuillez nous contacter pour plus d&rsquo;informations.<\/p>\n","protected":false},"featured_media":22126,"comment_status":"open","ping_status":"closed","template":"","meta":[],"product_brand":[],"product_cat":[610,577],"product_tag":[],"class_list":{"0":"post-27278","1":"product","2":"type-product","3":"status-publish","4":"has-post-thumbnail","6":"product_cat-angel-kiss-dolls-ak-dolls","7":"product_cat-poupees-sexuelles","8":"pa_brand-ak-doll-fr","10":"first","11":"outofstock","12":"sale","13":"taxable","14":"shipping-taxable","15":"purchasable","16":"product-type-simple"},"_links":{"self":[{"href":"https:\/\/doll.shop\/fr\/wp-json\/wp\/v2\/product\/27278","targetHints":{"allow":["GET"]}}],"collection":[{"href":"https:\/\/doll.shop\/fr\/wp-json\/wp\/v2\/product"}],"about":[{"href":"https:\/\/doll.shop\/fr\/wp-json\/wp\/v2\/types\/product"}],"replies":[{"embeddable":true,"href":"https:\/\/doll.shop\/fr\/wp-json\/wp\/v2\/comments?post=27278"}],"wp:featuredmedia":[{"embeddable":true,"href":"https:\/\/doll.shop\/fr\/wp-json\/wp\/v2\/media\/22126"}],"wp:attachment":[{"href":"https:\/\/doll.shop\/fr\/wp-json\/wp\/v2\/media?parent=27278"}],"wp:term":[{"taxonomy":"product_brand","embeddable":true,"href":"https:\/\/doll.shop\/fr\/wp-json\/wp\/v2\/product_brand?post=27278"},{"taxonomy":"product_cat","embeddable":true,"href":"https:\/\/doll.shop\/fr\/wp-json\/wp\/v2\/product_cat?post=27278"},{"taxonomy":"product_tag","embeddable":true,"href":"https:\/\/doll.shop\/fr\/wp-json\/wp\/v2\/product_tag?post=27278"}],"curies":[{"name":"wp","href":"https:\/\/api.w.org\/{rel}","templated":true}]}}