{"id":27243,"date":"2022-04-15T08:34:52","date_gmt":"2022-04-15T06:34:52","guid":{"rendered":"https:\/\/doll.shop\/produkt\/poupee-sexuelle-maeko-157-cm\/"},"modified":"2026-03-11T06:27:29","modified_gmt":"2026-03-11T05:27:29","slug":"poupee-sexuelle-maeko-157-cm","status":"publish","type":"product","link":"https:\/\/doll.shop\/fr\/produit\/poupee-sexuelle-maeko-157-cm\/","title":{"rendered":"Poup\u00e9e sexuelle Maeko | 157 cm"},"content":{"rendered":"","protected":false},"excerpt":{"rendered":"<p>RF Doll Maeko est vraiment unique. Cette blonde se distingue par son visage extr\u00eamement r\u00e9aliste et magnifique. De plus, Maeko a un corps tr\u00e8s d\u00e9sirable. Si vous \u00eates passionn\u00e9 de femmes asiatiques, vous devriez vraiment consid\u00e9rer cette beaut\u00e9 de plus pr\u00e8s ! Maeko a une taille r\u00e9aliste de 157 cm et p\u00e8se 32 kilos.<\/p>\n","protected":false},"featured_media":15006,"comment_status":"open","ping_status":"closed","template":"","meta":[],"product_brand":[],"product_cat":[577,615],"product_tag":[],"class_list":{"0":"post-27243","1":"product","2":"type-product","3":"status-publish","4":"has-post-thumbnail","6":"product_cat-poupees-sexuelles","7":"product_cat-rf-doll","8":"pa_brand-rf-doll-fr","10":"first","11":"outofstock","12":"taxable","13":"shipping-taxable","14":"purchasable","15":"product-type-simple"},"_links":{"self":[{"href":"https:\/\/doll.shop\/fr\/wp-json\/wp\/v2\/product\/27243","targetHints":{"allow":["GET"]}}],"collection":[{"href":"https:\/\/doll.shop\/fr\/wp-json\/wp\/v2\/product"}],"about":[{"href":"https:\/\/doll.shop\/fr\/wp-json\/wp\/v2\/types\/product"}],"replies":[{"embeddable":true,"href":"https:\/\/doll.shop\/fr\/wp-json\/wp\/v2\/comments?post=27243"}],"wp:featuredmedia":[{"embeddable":true,"href":"https:\/\/doll.shop\/fr\/wp-json\/wp\/v2\/media\/15006"}],"wp:attachment":[{"href":"https:\/\/doll.shop\/fr\/wp-json\/wp\/v2\/media?parent=27243"}],"wp:term":[{"taxonomy":"product_brand","embeddable":true,"href":"https:\/\/doll.shop\/fr\/wp-json\/wp\/v2\/product_brand?post=27243"},{"taxonomy":"product_cat","embeddable":true,"href":"https:\/\/doll.shop\/fr\/wp-json\/wp\/v2\/product_cat?post=27243"},{"taxonomy":"product_tag","embeddable":true,"href":"https:\/\/doll.shop\/fr\/wp-json\/wp\/v2\/product_tag?post=27243"}],"curies":[{"name":"wp","href":"https:\/\/api.w.org\/{rel}","templated":true}]}}