{"id":27236,"date":"2023-08-01T09:51:22","date_gmt":"2023-08-01T07:51:22","guid":{"rendered":"https:\/\/doll.shop\/produkt\/dutchdoll-natasha-167-cm\/"},"modified":"2026-04-13T10:42:50","modified_gmt":"2026-04-13T08:42:50","slug":"dutchdoll-natasha-167-cm","status":"publish","type":"product","link":"https:\/\/doll.shop\/fr\/produit\/dutchdoll-natasha-167-cm\/","title":{"rendered":"DutchDoll Natasha | 167 cm"},"content":{"rendered":"","protected":false},"excerpt":{"rendered":"<p>DutchDoll Natasha ressemble \u00e0 une beaut\u00e9 su\u00e9doise aux cheveux d&rsquo;un blond intense et aux yeux d&rsquo;un bleu \u00e9clatant. Cette poup\u00e9e sexuelle grandeur nature de 167 cm a des courbes magnifiques et une silhouette s\u00e9duisante en forme de sablier. Son TPE premium redessin\u00e9 vous offre une exp\u00e9rience exceptionnellement r\u00e9aliste. Gr\u00e2ce au squelette EVO+ facile \u00e0 utiliser, vous pouvez la mettre dans n&rsquo;importe quelle position sans effort. Des seins en gel suppl\u00e9mentaires, un squelette de doigt et une langue la compl\u00e8tent.<\/p>\n","protected":false},"featured_media":942408,"comment_status":"open","ping_status":"closed","template":"","meta":[],"product_brand":[],"product_cat":[613,577],"product_tag":[],"class_list":{"0":"post-27236","1":"product","2":"type-product","3":"status-publish","4":"has-post-thumbnail","6":"product_cat-dutchdoll","7":"product_cat-poupees-sexuelles","8":"pa_brand-dutchdoll-fr","10":"first","11":"instock","12":"taxable","13":"shipping-taxable","14":"purchasable","15":"product-type-simple"},"_links":{"self":[{"href":"https:\/\/doll.shop\/fr\/wp-json\/wp\/v2\/product\/27236","targetHints":{"allow":["GET"]}}],"collection":[{"href":"https:\/\/doll.shop\/fr\/wp-json\/wp\/v2\/product"}],"about":[{"href":"https:\/\/doll.shop\/fr\/wp-json\/wp\/v2\/types\/product"}],"replies":[{"embeddable":true,"href":"https:\/\/doll.shop\/fr\/wp-json\/wp\/v2\/comments?post=27236"}],"wp:featuredmedia":[{"embeddable":true,"href":"https:\/\/doll.shop\/fr\/wp-json\/wp\/v2\/media\/942408"}],"wp:attachment":[{"href":"https:\/\/doll.shop\/fr\/wp-json\/wp\/v2\/media?parent=27236"}],"wp:term":[{"taxonomy":"product_brand","embeddable":true,"href":"https:\/\/doll.shop\/fr\/wp-json\/wp\/v2\/product_brand?post=27236"},{"taxonomy":"product_cat","embeddable":true,"href":"https:\/\/doll.shop\/fr\/wp-json\/wp\/v2\/product_cat?post=27236"},{"taxonomy":"product_tag","embeddable":true,"href":"https:\/\/doll.shop\/fr\/wp-json\/wp\/v2\/product_tag?post=27236"}],"curies":[{"name":"wp","href":"https:\/\/api.w.org\/{rel}","templated":true}]}}