{"id":27228,"date":"2023-07-31T12:15:27","date_gmt":"2023-07-31T10:15:27","guid":{"rendered":"https:\/\/doll.shop\/produkt\/dutchdoll-emma-167-cm\/"},"modified":"2026-03-11T13:09:26","modified_gmt":"2026-03-11T12:09:26","slug":"dutchdoll-emma-167-cm","status":"publish","type":"product","link":"https:\/\/doll.shop\/fr\/produit\/dutchdoll-emma-167-cm\/","title":{"rendered":"DutchDoll Emma | 167 cm"},"content":{"rendered":"","protected":false},"excerpt":{"rendered":"<p>Emma est l&rsquo;incarnation de la beaut\u00e9 et de l&rsquo;\u00e9l\u00e9gance. Avec sa taille de 167 cm, sa silhouette \u00e9lanc\u00e9e et ses yeux bleus, elle brille comme un top model. Le squelette EVO+ d&rsquo;Emma, son squelette de doigt et sa fonction de support la rendent incroyablement flexible et facile \u00e0 utiliser. Sa peau de haute qualit\u00e9 en TPE est sensationnellement r\u00e9aliste au toucher.<\/p>\n<p>Appr\u00e9ciez la sym\u00e9trie d\u00e9taill\u00e9e de son visage avec des yeux en amande, un petit nez et des l\u00e8vres pleines. D\u00e9couvrez la qualit\u00e9 hollandaise de DutchDoll\u00ae &#8211; durable, facile \u00e0 entretenir et avec une \u00e9tiquette de prix irr\u00e9sistible. Offrez-vous la compagne id\u00e9ale : DutchDoll\u00ae Emma.<\/p>\n","protected":false},"featured_media":24236,"comment_status":"open","ping_status":"closed","template":"","meta":[],"product_brand":[],"product_cat":[613,577],"product_tag":[],"class_list":{"0":"post-27228","1":"product","2":"type-product","3":"status-publish","4":"has-post-thumbnail","6":"product_cat-dutchdoll","7":"product_cat-poupees-sexuelles","8":"pa_brand-dutchdoll-fr","10":"first","11":"outofstock","12":"sale","13":"taxable","14":"shipping-taxable","15":"purchasable","16":"product-type-simple"},"_links":{"self":[{"href":"https:\/\/doll.shop\/fr\/wp-json\/wp\/v2\/product\/27228","targetHints":{"allow":["GET"]}}],"collection":[{"href":"https:\/\/doll.shop\/fr\/wp-json\/wp\/v2\/product"}],"about":[{"href":"https:\/\/doll.shop\/fr\/wp-json\/wp\/v2\/types\/product"}],"replies":[{"embeddable":true,"href":"https:\/\/doll.shop\/fr\/wp-json\/wp\/v2\/comments?post=27228"}],"wp:featuredmedia":[{"embeddable":true,"href":"https:\/\/doll.shop\/fr\/wp-json\/wp\/v2\/media\/24236"}],"wp:attachment":[{"href":"https:\/\/doll.shop\/fr\/wp-json\/wp\/v2\/media?parent=27228"}],"wp:term":[{"taxonomy":"product_brand","embeddable":true,"href":"https:\/\/doll.shop\/fr\/wp-json\/wp\/v2\/product_brand?post=27228"},{"taxonomy":"product_cat","embeddable":true,"href":"https:\/\/doll.shop\/fr\/wp-json\/wp\/v2\/product_cat?post=27228"},{"taxonomy":"product_tag","embeddable":true,"href":"https:\/\/doll.shop\/fr\/wp-json\/wp\/v2\/product_tag?post=27228"}],"curies":[{"name":"wp","href":"https:\/\/api.w.org\/{rel}","templated":true}]}}