{"id":27218,"date":"2023-08-01T10:48:06","date_gmt":"2023-08-01T08:48:06","guid":{"rendered":"https:\/\/doll.shop\/produkt\/dutchdoll-kate-159-cm\/"},"modified":"2026-04-06T21:35:52","modified_gmt":"2026-04-06T19:35:52","slug":"dutchdoll-kate-159-cm","status":"publish","type":"product","link":"https:\/\/doll.shop\/fr\/produit\/dutchdoll-kate-159-cm\/","title":{"rendered":"DutchDoll Kate | 159 cm"},"content":{"rendered":"","protected":false},"excerpt":{"rendered":"<p>Kate ressemble \u00e0 une vraie beaut\u00e9 classique. Robuste et s\u00fbre de soi-m\u00eame, c&rsquo;est une \u00e9l\u00e9gante brune de 159 cm avec une silhouette en sablier \u00e9poustouflante et de gros seins plus vrais que nature. Le visage sym\u00e9trique de Kate, ses l\u00e8vres pulpeuses et ses yeux sensuels la rendent irr\u00e9sistible.<\/p>\n<p>Profite d&rsquo;une exp\u00e9rience plus vraie que nature gr\u00e2ce au mat\u00e9riau TPE de haute qualit\u00e9 (V3.0) et aux seins souples remplis de gel pour un confort optimal. Gr\u00e2ce au squelette EVO+ et au squelette des doigts, Kate se d\u00e9place sans effort dans toutes les positions, m\u00eame en tenant des objets l\u00e9gers.<\/p>\n<p>R\u00e9put\u00e9e pour sa qualit\u00e9 et sa facilit\u00e9 d&rsquo;utilisation, DutchDoll\u00ae propose avec Kate une poup\u00e9e sexuelle unique et attrayante qui r\u00e9pond \u00e0 tous vos besoins. En tant que marque n\u00e9erlandaise, DutchDoll\u00ae se consacre depuis 2017 \u00e0 la fabrication de poup\u00e9es sexuelles de haute qualit\u00e9 pour tous les budgets. Faites connaissance avec Kate et vivez le plaisir ultime avec DutchDoll\u00ae.<\/p>\n","protected":false},"featured_media":24738,"comment_status":"open","ping_status":"closed","template":"","meta":[],"product_brand":[],"product_cat":[613,577],"product_tag":[],"class_list":{"0":"post-27218","1":"product","2":"type-product","3":"status-publish","4":"has-post-thumbnail","6":"product_cat-dutchdoll","7":"product_cat-poupees-sexuelles","8":"pa_brand-dutchdoll-fr","10":"first","11":"instock","12":"taxable","13":"shipping-taxable","14":"purchasable","15":"product-type-simple"},"_links":{"self":[{"href":"https:\/\/doll.shop\/fr\/wp-json\/wp\/v2\/product\/27218","targetHints":{"allow":["GET"]}}],"collection":[{"href":"https:\/\/doll.shop\/fr\/wp-json\/wp\/v2\/product"}],"about":[{"href":"https:\/\/doll.shop\/fr\/wp-json\/wp\/v2\/types\/product"}],"replies":[{"embeddable":true,"href":"https:\/\/doll.shop\/fr\/wp-json\/wp\/v2\/comments?post=27218"}],"wp:featuredmedia":[{"embeddable":true,"href":"https:\/\/doll.shop\/fr\/wp-json\/wp\/v2\/media\/24738"}],"wp:attachment":[{"href":"https:\/\/doll.shop\/fr\/wp-json\/wp\/v2\/media?parent=27218"}],"wp:term":[{"taxonomy":"product_brand","embeddable":true,"href":"https:\/\/doll.shop\/fr\/wp-json\/wp\/v2\/product_brand?post=27218"},{"taxonomy":"product_cat","embeddable":true,"href":"https:\/\/doll.shop\/fr\/wp-json\/wp\/v2\/product_cat?post=27218"},{"taxonomy":"product_tag","embeddable":true,"href":"https:\/\/doll.shop\/fr\/wp-json\/wp\/v2\/product_tag?post=27218"}],"curies":[{"name":"wp","href":"https:\/\/api.w.org\/{rel}","templated":true}]}}