{"id":27205,"date":"2023-08-01T10:22:35","date_gmt":"2023-08-01T08:22:35","guid":{"rendered":"https:\/\/doll.shop\/produkt\/dutchdoll-freya-157-cm\/"},"modified":"2026-04-14T13:05:34","modified_gmt":"2026-04-14T11:05:34","slug":"dutchdoll-freya-157-cm","status":"publish","type":"product","link":"https:\/\/doll.shop\/fr\/produit\/dutchdoll-freya-157-cm\/","title":{"rendered":"DutchDoll Freya | 157 cm"},"content":{"rendered":"","protected":false},"excerpt":{"rendered":"<p>DutchDoll Freya est une s\u00e9duisante blonde de 157 cm aux gros seins. Le TPE de haute qualit\u00e9 (V.3.0), le squelette EVO+ et les seins en gel garantissent une exp\u00e9rience plus vraie que nature.<\/p>\n<p>Avec un poids de seulement 29 kg, Freya se d\u00e9place sans effort et se place dans diff\u00e9rentes positions.<\/p>\n<p>Ses cheveux blonds fonc\u00e9s, ses yeux bleus, sa silhouette en sablier et sa taille de bonnet E lui donnent un air tr\u00e8s sexy. Optez pour la combinaison parfaite de raffinement et de courbes f\u00e9minines avec le mod\u00e8le 157E. Un choix r\u00e9aliste et sensuel.<\/p>\n","protected":false},"featured_media":24522,"comment_status":"open","ping_status":"closed","template":"","meta":[],"product_brand":[],"product_cat":[613,577],"product_tag":[],"class_list":{"0":"post-27205","1":"product","2":"type-product","3":"status-publish","4":"has-post-thumbnail","6":"product_cat-dutchdoll","7":"product_cat-poupees-sexuelles","8":"pa_brand-dutchdoll-fr","10":"first","11":"instock","12":"taxable","13":"shipping-taxable","14":"purchasable","15":"product-type-simple"},"_links":{"self":[{"href":"https:\/\/doll.shop\/fr\/wp-json\/wp\/v2\/product\/27205","targetHints":{"allow":["GET"]}}],"collection":[{"href":"https:\/\/doll.shop\/fr\/wp-json\/wp\/v2\/product"}],"about":[{"href":"https:\/\/doll.shop\/fr\/wp-json\/wp\/v2\/types\/product"}],"replies":[{"embeddable":true,"href":"https:\/\/doll.shop\/fr\/wp-json\/wp\/v2\/comments?post=27205"}],"wp:featuredmedia":[{"embeddable":true,"href":"https:\/\/doll.shop\/fr\/wp-json\/wp\/v2\/media\/24522"}],"wp:attachment":[{"href":"https:\/\/doll.shop\/fr\/wp-json\/wp\/v2\/media?parent=27205"}],"wp:term":[{"taxonomy":"product_brand","embeddable":true,"href":"https:\/\/doll.shop\/fr\/wp-json\/wp\/v2\/product_brand?post=27205"},{"taxonomy":"product_cat","embeddable":true,"href":"https:\/\/doll.shop\/fr\/wp-json\/wp\/v2\/product_cat?post=27205"},{"taxonomy":"product_tag","embeddable":true,"href":"https:\/\/doll.shop\/fr\/wp-json\/wp\/v2\/product_tag?post=27205"}],"curies":[{"name":"wp","href":"https:\/\/api.w.org\/{rel}","templated":true}]}}