{"id":27202,"date":"2023-08-01T10:15:29","date_gmt":"2023-08-01T08:15:29","guid":{"rendered":"https:\/\/doll.shop\/produkt\/dutchdoll-eva-157-cm\/"},"modified":"2026-04-13T19:03:57","modified_gmt":"2026-04-13T17:03:57","slug":"dutchdoll-eva-157-cm","status":"publish","type":"product","link":"https:\/\/doll.shop\/fr\/produit\/dutchdoll-eva-157-cm\/","title":{"rendered":"DutchDoll Eva | 157 cm"},"content":{"rendered":"","protected":false},"excerpt":{"rendered":"<p>Eva ressemble \u00e0 la s\u00e9ductrice ultime qui donne vie \u00e0 tous vos r\u00eaves les plus fous. Cette poup\u00e9e sexuelle l\u00e9g\u00e8re ne p\u00e8se que 29 kg, ce qui la rend facile \u00e0 d\u00e9placer et \u00e0 manipuler. Son squelette EVO+ vous permet de la mettre dans des positions similaires \u00e0 celles d&rsquo;une vraie femme.<\/p>\n","protected":false},"featured_media":24498,"comment_status":"open","ping_status":"closed","template":"","meta":[],"product_brand":[],"product_cat":[613,577],"product_tag":[],"class_list":{"0":"post-27202","1":"product","2":"type-product","3":"status-publish","4":"has-post-thumbnail","6":"product_cat-dutchdoll","7":"product_cat-poupees-sexuelles","8":"pa_brand-dutchdoll-fr","10":"first","11":"instock","12":"taxable","13":"shipping-taxable","14":"purchasable","15":"product-type-simple"},"_links":{"self":[{"href":"https:\/\/doll.shop\/fr\/wp-json\/wp\/v2\/product\/27202","targetHints":{"allow":["GET"]}}],"collection":[{"href":"https:\/\/doll.shop\/fr\/wp-json\/wp\/v2\/product"}],"about":[{"href":"https:\/\/doll.shop\/fr\/wp-json\/wp\/v2\/types\/product"}],"replies":[{"embeddable":true,"href":"https:\/\/doll.shop\/fr\/wp-json\/wp\/v2\/comments?post=27202"}],"wp:featuredmedia":[{"embeddable":true,"href":"https:\/\/doll.shop\/fr\/wp-json\/wp\/v2\/media\/24498"}],"wp:attachment":[{"href":"https:\/\/doll.shop\/fr\/wp-json\/wp\/v2\/media?parent=27202"}],"wp:term":[{"taxonomy":"product_brand","embeddable":true,"href":"https:\/\/doll.shop\/fr\/wp-json\/wp\/v2\/product_brand?post=27202"},{"taxonomy":"product_cat","embeddable":true,"href":"https:\/\/doll.shop\/fr\/wp-json\/wp\/v2\/product_cat?post=27202"},{"taxonomy":"product_tag","embeddable":true,"href":"https:\/\/doll.shop\/fr\/wp-json\/wp\/v2\/product_tag?post=27202"}],"curies":[{"name":"wp","href":"https:\/\/api.w.org\/{rel}","templated":true}]}}