{"id":27152,"date":"2024-02-08T11:20:48","date_gmt":"2024-02-08T10:20:48","guid":{"rendered":"https:\/\/doll.shop\/produkt\/dutchdoll-sofia-77-cm\/"},"modified":"2026-04-20T21:17:46","modified_gmt":"2026-04-20T19:17:46","slug":"dutchdoll-sofia-77-cm","status":"publish","type":"product","link":"https:\/\/doll.shop\/fr\/produit\/dutchdoll-sofia-77-cm\/","title":{"rendered":"DutchDoll Sofia | 77 cm"},"content":{"rendered":"","protected":false},"excerpt":{"rendered":"<p style=\"font-weight: 400;\">DutchDoll Sofia est une poup\u00e9e sexuelle compacte mesurant 77 cm, avec de beaux cheveux noirs et des yeux bleus brillants provocants. Un torse de poup\u00e9e sexuelle n&rsquo;a pas de bras ni de jambes et est donc plus l\u00e9ger qu&rsquo;une poup\u00e9e sexuelle compl\u00e8te et plus facile \u00e0 manipuler. Sofia est une poup\u00e9e sexuelle de qualit\u00e9 sup\u00e9rieure, comme tous les mod\u00e8les DutchDoll. Par cons\u00e9quent, tu ressentiras la sensation et le plaisir d&rsquo;une femme plus vraie que nature.<\/p>\n","protected":false},"featured_media":26605,"comment_status":"open","ping_status":"closed","template":"","meta":[],"product_brand":[],"product_cat":[622],"product_tag":[],"class_list":{"0":"post-27152","1":"product","2":"type-product","3":"status-publish","4":"has-post-thumbnail","6":"product_cat-masturbateurs","7":"pa_brand-dutchdoll-fr","9":"first","10":"instock","11":"taxable","12":"shipping-taxable","13":"purchasable","14":"product-type-simple"},"_links":{"self":[{"href":"https:\/\/doll.shop\/fr\/wp-json\/wp\/v2\/product\/27152","targetHints":{"allow":["GET"]}}],"collection":[{"href":"https:\/\/doll.shop\/fr\/wp-json\/wp\/v2\/product"}],"about":[{"href":"https:\/\/doll.shop\/fr\/wp-json\/wp\/v2\/types\/product"}],"replies":[{"embeddable":true,"href":"https:\/\/doll.shop\/fr\/wp-json\/wp\/v2\/comments?post=27152"}],"wp:featuredmedia":[{"embeddable":true,"href":"https:\/\/doll.shop\/fr\/wp-json\/wp\/v2\/media\/26605"}],"wp:attachment":[{"href":"https:\/\/doll.shop\/fr\/wp-json\/wp\/v2\/media?parent=27152"}],"wp:term":[{"taxonomy":"product_brand","embeddable":true,"href":"https:\/\/doll.shop\/fr\/wp-json\/wp\/v2\/product_brand?post=27152"},{"taxonomy":"product_cat","embeddable":true,"href":"https:\/\/doll.shop\/fr\/wp-json\/wp\/v2\/product_cat?post=27152"},{"taxonomy":"product_tag","embeddable":true,"href":"https:\/\/doll.shop\/fr\/wp-json\/wp\/v2\/product_tag?post=27152"}],"curies":[{"name":"wp","href":"https:\/\/api.w.org\/{rel}","templated":true}]}}