{"id":27151,"date":"2024-02-08T11:20:29","date_gmt":"2024-02-08T10:20:29","guid":{"rendered":"https:\/\/doll.shop\/produkt\/dutchdoll-luna-77-cm\/"},"modified":"2026-04-10T15:47:33","modified_gmt":"2026-04-10T13:47:33","slug":"dutchdoll-luna-77-cm","status":"publish","type":"product","link":"https:\/\/doll.shop\/fr\/produit\/dutchdoll-luna-77-cm\/","title":{"rendered":"DutchDoll Luna | 77 cm"},"content":{"rendered":"","protected":false},"excerpt":{"rendered":"<p style=\"font-weight: 400;\">DutchDoll Luna est une poup\u00e9e sexuelle compacte de 77 cm avec de longs cheveux noirs boucl\u00e9s, un beau visage et des yeux bleus brillants. Un torse de poup\u00e9e sexuelle n&rsquo;a pas de bras ni de jambes et est donc plus l\u00e9ger qu&rsquo;une poup\u00e9e sexuelle compl\u00e8te et plus facile \u00e0 manipuler. Comme tous les mod\u00e8les DutchDoll, Luna est d&rsquo;une qualit\u00e9 sup\u00e9rieure et te permet de ressentir la sensation et le plaisir d&rsquo;une femme plus vraie que nature.<\/p>\n","protected":false},"featured_media":26584,"comment_status":"open","ping_status":"closed","template":"","meta":[],"product_brand":[],"product_cat":[622],"product_tag":[],"class_list":{"0":"post-27151","1":"product","2":"type-product","3":"status-publish","4":"has-post-thumbnail","6":"product_cat-masturbateurs","7":"pa_brand-dutchdoll-fr","9":"first","10":"instock","11":"taxable","12":"shipping-taxable","13":"purchasable","14":"product-type-simple"},"_links":{"self":[{"href":"https:\/\/doll.shop\/fr\/wp-json\/wp\/v2\/product\/27151","targetHints":{"allow":["GET"]}}],"collection":[{"href":"https:\/\/doll.shop\/fr\/wp-json\/wp\/v2\/product"}],"about":[{"href":"https:\/\/doll.shop\/fr\/wp-json\/wp\/v2\/types\/product"}],"replies":[{"embeddable":true,"href":"https:\/\/doll.shop\/fr\/wp-json\/wp\/v2\/comments?post=27151"}],"wp:featuredmedia":[{"embeddable":true,"href":"https:\/\/doll.shop\/fr\/wp-json\/wp\/v2\/media\/26584"}],"wp:attachment":[{"href":"https:\/\/doll.shop\/fr\/wp-json\/wp\/v2\/media?parent=27151"}],"wp:term":[{"taxonomy":"product_brand","embeddable":true,"href":"https:\/\/doll.shop\/fr\/wp-json\/wp\/v2\/product_brand?post=27151"},{"taxonomy":"product_cat","embeddable":true,"href":"https:\/\/doll.shop\/fr\/wp-json\/wp\/v2\/product_cat?post=27151"},{"taxonomy":"product_tag","embeddable":true,"href":"https:\/\/doll.shop\/fr\/wp-json\/wp\/v2\/product_tag?post=27151"}],"curies":[{"name":"wp","href":"https:\/\/api.w.org\/{rel}","templated":true}]}}