{"id":25789,"date":"2022-04-21T13:57:42","date_gmt":"2022-04-21T11:57:42","guid":{"rendered":"https:\/\/doll.shop\/produkt\/wm-doll-cato-166-cm\/"},"modified":"2026-03-11T03:53:25","modified_gmt":"2026-03-11T02:53:25","slug":"wm-doll-cato-166-cm","status":"publish","type":"product","link":"https:\/\/doll.shop\/fr\/produit\/wm-doll-cato-166-cm\/","title":{"rendered":"WM Doll Cato | 166 cm"},"content":{"rendered":"","protected":false},"excerpt":{"rendered":"<p>WM Doll Cato est une brune vraiment charmante. Cette femme merveilleuse se distingue par sa coiffure sauvage et boucl\u00e9e. D&rsquo;une certaine mani\u00e8re, elle a l&rsquo;air si adorable. La question est de savoir comment Cato fonctionne en r\u00e9alit\u00e9 ? Cela d\u00e9pend beaucoup de vous, car Cato est vraiment adaptable et ne veut que vous plaire. Faites la connaissance de ce mod\u00e8le et profitez de sa silhouette parfaite et de ses beaux seins pleins.<\/p>\n","protected":false},"featured_media":15186,"comment_status":"open","ping_status":"closed","template":"","meta":[],"product_brand":[],"product_cat":[601,577],"product_tag":[],"class_list":{"0":"post-25789","1":"product","2":"type-product","3":"status-publish","4":"has-post-thumbnail","6":"product_cat-wm-doll","7":"product_cat-poupees-sexuelles","8":"pa_brand-wm-doll-fr","10":"first","11":"onbackorder","12":"taxable","13":"shipping-taxable","14":"purchasable","15":"product-type-simple"},"_links":{"self":[{"href":"https:\/\/doll.shop\/fr\/wp-json\/wp\/v2\/product\/25789","targetHints":{"allow":["GET"]}}],"collection":[{"href":"https:\/\/doll.shop\/fr\/wp-json\/wp\/v2\/product"}],"about":[{"href":"https:\/\/doll.shop\/fr\/wp-json\/wp\/v2\/types\/product"}],"replies":[{"embeddable":true,"href":"https:\/\/doll.shop\/fr\/wp-json\/wp\/v2\/comments?post=25789"}],"wp:featuredmedia":[{"embeddable":true,"href":"https:\/\/doll.shop\/fr\/wp-json\/wp\/v2\/media\/15186"}],"wp:attachment":[{"href":"https:\/\/doll.shop\/fr\/wp-json\/wp\/v2\/media?parent=25789"}],"wp:term":[{"taxonomy":"product_brand","embeddable":true,"href":"https:\/\/doll.shop\/fr\/wp-json\/wp\/v2\/product_brand?post=25789"},{"taxonomy":"product_cat","embeddable":true,"href":"https:\/\/doll.shop\/fr\/wp-json\/wp\/v2\/product_cat?post=25789"},{"taxonomy":"product_tag","embeddable":true,"href":"https:\/\/doll.shop\/fr\/wp-json\/wp\/v2\/product_tag?post=25789"}],"curies":[{"name":"wp","href":"https:\/\/api.w.org\/{rel}","templated":true}]}}