{"id":25785,"date":"2023-08-01T10:53:12","date_gmt":"2023-08-01T08:53:12","guid":{"rendered":"https:\/\/doll.shop\/produkt\/dutchdoll-mia-159-cm\/"},"modified":"2026-04-17T19:17:58","modified_gmt":"2026-04-17T17:17:58","slug":"dutchdoll-mia-159-cm","status":"publish","type":"product","link":"https:\/\/doll.shop\/fr\/produit\/dutchdoll-mia-159-cm\/","title":{"rendered":"DutchDoll Mia | 159 cm"},"content":{"rendered":"","protected":false},"excerpt":{"rendered":"<p>DutchDoll\u00ae Mia est une beaut\u00e9 scandinave de 159 cm \u00e0 la silhouette g\u00e9n\u00e9reuse en sablier et aux ravissants cheveux blond clair. Ses gros seins (bonnet E) et ses traits r\u00e9alistes la rendent irr\u00e9sistible. Le TPE de haute qualit\u00e9 (V3.0) utilis\u00e9 pour la fabrication de cette poup\u00e9e sexuelle assure un maximum de confort et de r\u00e9alisme, tandis que son faible poids de 29 kg la rend extr\u00eamement mobile. Gr\u00e2ce au squelette EVO+ et au squelette des doigts, vous pouvez facilement la mettre dans n&rsquo;importe quelle position et m\u00eame lui faire tenir des objets l\u00e9gers. Que vous soyez seul, que vous souhaitiez pimenter votre vie sexuelle ou r\u00e9aliser vos fantasmes, Mia est toujours l\u00e0 pour vous. Commandez maintenant et vivez vos fantasmes les plus fous avec DutchDoll\u00ae !<\/p>\n","protected":false},"featured_media":950215,"comment_status":"open","ping_status":"closed","template":"","meta":[],"product_brand":[],"product_cat":[613,577],"product_tag":[],"class_list":{"0":"post-25785","1":"product","2":"type-product","3":"status-publish","4":"has-post-thumbnail","6":"product_cat-dutchdoll","7":"product_cat-poupees-sexuelles","8":"pa_brand-dutchdoll-fr","10":"first","11":"instock","12":"taxable","13":"shipping-taxable","14":"purchasable","15":"product-type-simple"},"_links":{"self":[{"href":"https:\/\/doll.shop\/fr\/wp-json\/wp\/v2\/product\/25785","targetHints":{"allow":["GET"]}}],"collection":[{"href":"https:\/\/doll.shop\/fr\/wp-json\/wp\/v2\/product"}],"about":[{"href":"https:\/\/doll.shop\/fr\/wp-json\/wp\/v2\/types\/product"}],"replies":[{"embeddable":true,"href":"https:\/\/doll.shop\/fr\/wp-json\/wp\/v2\/comments?post=25785"}],"wp:featuredmedia":[{"embeddable":true,"href":"https:\/\/doll.shop\/fr\/wp-json\/wp\/v2\/media\/950215"}],"wp:attachment":[{"href":"https:\/\/doll.shop\/fr\/wp-json\/wp\/v2\/media?parent=25785"}],"wp:term":[{"taxonomy":"product_brand","embeddable":true,"href":"https:\/\/doll.shop\/fr\/wp-json\/wp\/v2\/product_brand?post=25785"},{"taxonomy":"product_cat","embeddable":true,"href":"https:\/\/doll.shop\/fr\/wp-json\/wp\/v2\/product_cat?post=25785"},{"taxonomy":"product_tag","embeddable":true,"href":"https:\/\/doll.shop\/fr\/wp-json\/wp\/v2\/product_tag?post=25785"}],"curies":[{"name":"wp","href":"https:\/\/api.w.org\/{rel}","templated":true}]}}