{"id":25784,"date":"2023-08-01T10:58:09","date_gmt":"2023-08-01T08:58:09","guid":{"rendered":"https:\/\/doll.shop\/produkt\/dutchdoll-alexis-159-cm\/"},"modified":"2026-04-17T19:32:09","modified_gmt":"2026-04-17T17:32:09","slug":"dutchdoll-alexis-159-cm","status":"publish","type":"product","link":"https:\/\/doll.shop\/fr\/produit\/dutchdoll-alexis-159-cm\/","title":{"rendered":"DutchDoll Alexis | 159 cm"},"content":{"rendered":"","protected":false},"excerpt":{"rendered":"<p>Je vous pr\u00e9sente : Alexis. Cette brune \u00e9poustouflante aux yeux bleus brillants et aux courbes s\u00e9duisantes est votre partenaire id\u00e9ale. Fabriqu\u00e9e en TPE de haute qualit\u00e9 (V3.0) et dot\u00e9e de seins en gel pour plus de r\u00e9alisme, Alexis donne l&rsquo;impression d&rsquo;\u00eatre plus vraie que nature. Avec son squelette EVO+, son squelette de doigt et son pied, elle offre une exp\u00e9rience optimale. En d\u00e9pit de sa grande taille de bonnet, cette poup\u00e9e sexuelle ne p\u00e8se que 29 kg et est extr\u00eamement maniable.<\/p>\n<p>Gr\u00e2ce \u00e0 son design r\u00e9aliste, \u00e0 l&rsquo;utilisation des derni\u00e8res technologies et \u00e0 sa finition parfaite, vous vivrez des exp\u00e9riences inoubliables avec Alexis.<\/p>\n<p>DutchDoll\u00ae offre la qualit\u00e9, l&rsquo;innovation et des prix attractifs. Profitez de vos fantasmes avec DutchDoll\u00ae Alexis !<\/p>\n","protected":false},"featured_media":949770,"comment_status":"open","ping_status":"closed","template":"","meta":[],"product_brand":[],"product_cat":[613,577],"product_tag":[],"class_list":{"0":"post-25784","1":"product","2":"type-product","3":"status-publish","4":"has-post-thumbnail","6":"product_cat-dutchdoll","7":"product_cat-poupees-sexuelles","8":"pa_brand-dutchdoll-fr","10":"first","11":"instock","12":"taxable","13":"shipping-taxable","14":"purchasable","15":"product-type-simple"},"_links":{"self":[{"href":"https:\/\/doll.shop\/fr\/wp-json\/wp\/v2\/product\/25784","targetHints":{"allow":["GET"]}}],"collection":[{"href":"https:\/\/doll.shop\/fr\/wp-json\/wp\/v2\/product"}],"about":[{"href":"https:\/\/doll.shop\/fr\/wp-json\/wp\/v2\/types\/product"}],"replies":[{"embeddable":true,"href":"https:\/\/doll.shop\/fr\/wp-json\/wp\/v2\/comments?post=25784"}],"wp:featuredmedia":[{"embeddable":true,"href":"https:\/\/doll.shop\/fr\/wp-json\/wp\/v2\/media\/949770"}],"wp:attachment":[{"href":"https:\/\/doll.shop\/fr\/wp-json\/wp\/v2\/media?parent=25784"}],"wp:term":[{"taxonomy":"product_brand","embeddable":true,"href":"https:\/\/doll.shop\/fr\/wp-json\/wp\/v2\/product_brand?post=25784"},{"taxonomy":"product_cat","embeddable":true,"href":"https:\/\/doll.shop\/fr\/wp-json\/wp\/v2\/product_cat?post=25784"},{"taxonomy":"product_tag","embeddable":true,"href":"https:\/\/doll.shop\/fr\/wp-json\/wp\/v2\/product_tag?post=25784"}],"curies":[{"name":"wp","href":"https:\/\/api.w.org\/{rel}","templated":true}]}}