{"id":25740,"date":"2022-03-24T10:47:53","date_gmt":"2022-03-24T09:47:53","guid":{"rendered":"https:\/\/doll.shop\/produkt\/sexpuppe-yara-158-cm\/"},"modified":"2026-04-22T10:36:32","modified_gmt":"2026-04-22T08:36:32","slug":"sexpuppe-yara-158-cm","status":"publish","type":"product","link":"https:\/\/doll.shop\/fr\/produit\/sexpuppe-yara-158-cm\/","title":{"rendered":"EL doll Riley | 158 cm"},"content":{"rendered":"<p>Ce n&rsquo;est pas pour rien que RF Doll Yara est notre meilleure vente. Cette poup\u00e9e d&rsquo;amour mesure 158 cm et a de magnifiques cheveux brun fonc\u00e9. En raison de sa taille, ce mod\u00e8le est facile \u00e0 manipuler. Yara a un regard tr\u00e8s marqu\u00e9 et s\u00e9duisant. Une fois que vous aurez vu cette beaut\u00e9, vous ne pourrez plus d\u00e9tacher vos yeux d&rsquo;elle.    <\/p>\n<h3>Les plus de cette poup\u00e9e sexuelle :<\/h3>\n<ul>\n<li>Grandeur nature (158cm)<\/li>\n<li>Marque connue et \u00e9tablie<\/li>\n<li>Coup de c\u0153ur des clients<\/li>\n<li>Incroyable rapport qualit\u00e9-prix<\/li>\n<\/ul>\n<h3>La qualit\u00e9 chez RF Doll<\/h3>\n<p>Toutes les poup\u00e9es d&rsquo;amour de la marque RF Doll sont fabriqu\u00e9es en TPE (\u00e9lastom\u00e8re thermoplastique), ce qui rend la peau des poup\u00e9es tr\u00e8s naturelle au toucher. Pour une meilleure stabilit\u00e9 et une manipulation plus facile, toutes les poup\u00e9es de RF Doll sont \u00e9quip\u00e9es en standard d&rsquo;un pied avec fonction de verticalisation int\u00e9gr\u00e9e (\u00e9galement appel\u00e9 pied de verticalisation). Chaque poup\u00e9e de cette marque dispose en outre d&rsquo;un squelette en m\u00e9tal. Ce squelette int\u00e9rieur est tr\u00e8s stable et solide et offre \u00e0 la poup\u00e9e une stabilit\u00e9 suppl\u00e9mentaire.   <\/p>\n<h3>Possibilit\u00e9s sexuelles avec Yara<\/h3>\n<p>Yara est une vraie sauvage. Yara est le partenaire sexuel id\u00e9al pour vous. Si vous n&rsquo;\u00eates pas d&rsquo;humeur \u00e0 vous d\u00e9tendre sur le canap\u00e9, ce n&rsquo;est pas un probl\u00e8me. Yara est vraiment spontan\u00e9e et fait en fait tout ce dont vous avez envie. Gr\u00e2ce \u00e0 Yara, vos soir\u00e9es ne seront certainement pas solitaires et votre vie sexuelle atteindra un tout autre niveau gr\u00e2ce \u00e0 cette s\u00e9duisante poup\u00e9e. Vous souhaitez qu&rsquo;une brune excit\u00e9e et consentante vous fasse une fellation pour f\u00eater la fin d&rsquo;une longue semaine de travail ? Ce n&rsquo;est pas du tout un probl\u00e8me ! Yara peut satisfaire tous vos d\u00e9sirs sexuels. Si vous pr\u00e9f\u00e9rez avoir des relations sexuelles normales avec Yara, rien ne vous en emp\u00eache. Utilisez de pr\u00e9f\u00e9rence un lubrifiant \u00e0 base d&rsquo;eau pour une exp\u00e9rience sexuelle plus agr\u00e9able. Vous pr\u00e9f\u00e9rez prendre quelqu&rsquo;un par derri\u00e8re ? Ce n&rsquo;est certainement plus un probl\u00e8me gr\u00e2ce au squelette m\u00e9tallique int\u00e9gr\u00e9 et au pied avec fonction de verticalisation. Vous pouvez exp\u00e9rimenter d&rsquo;innombrables positions. Si vous voulez prendre Yara par derri\u00e8re, mais que vous \u00eates plus attir\u00e9 par le sexe anal, rien ne vous emp\u00eache de le faire. Vous pouvez r\u00e9aliser tous vos fantasmes avec cette beaut\u00e9 m\u00e9diterran\u00e9enne.              <\/p>\n","protected":false},"excerpt":{"rendered":"<p>EL doll Riley est une brune tr\u00e8s attirante. Elle a de magnifiques yeux noisette et se fait remarquer par sa belle apparence. D\u00e8s que tu la regardes dans les yeux, tu ne peux plus d\u00e9tacher ton regard d&rsquo;elle. Riley p\u00e8se 32 kilos. De plus, elle mesure 158 cm et a de magnifiques cheveux brun fonc\u00e9. Si tu aimes les brunes m\u00e9diterran\u00e9ennes, tu devrais absolument voir Riley de pr\u00e8s.     <\/p>\n","protected":false},"featured_media":952193,"comment_status":"open","ping_status":"closed","template":"","meta":[],"product_brand":[],"product_cat":[577,615],"product_tag":[],"class_list":{"0":"post-25740","1":"product","2":"type-product","3":"status-publish","4":"has-post-thumbnail","6":"product_cat-poupees-sexuelles","7":"product_cat-rf-doll","8":"pa_brand-el-doll","10":"first","11":"instock","12":"sale","13":"featured","14":"taxable","15":"shipping-taxable","16":"purchasable","17":"product-type-simple"},"_links":{"self":[{"href":"https:\/\/doll.shop\/fr\/wp-json\/wp\/v2\/product\/25740","targetHints":{"allow":["GET"]}}],"collection":[{"href":"https:\/\/doll.shop\/fr\/wp-json\/wp\/v2\/product"}],"about":[{"href":"https:\/\/doll.shop\/fr\/wp-json\/wp\/v2\/types\/product"}],"replies":[{"embeddable":true,"href":"https:\/\/doll.shop\/fr\/wp-json\/wp\/v2\/comments?post=25740"}],"wp:featuredmedia":[{"embeddable":true,"href":"https:\/\/doll.shop\/fr\/wp-json\/wp\/v2\/media\/952193"}],"wp:attachment":[{"href":"https:\/\/doll.shop\/fr\/wp-json\/wp\/v2\/media?parent=25740"}],"wp:term":[{"taxonomy":"product_brand","embeddable":true,"href":"https:\/\/doll.shop\/fr\/wp-json\/wp\/v2\/product_brand?post=25740"},{"taxonomy":"product_cat","embeddable":true,"href":"https:\/\/doll.shop\/fr\/wp-json\/wp\/v2\/product_cat?post=25740"},{"taxonomy":"product_tag","embeddable":true,"href":"https:\/\/doll.shop\/fr\/wp-json\/wp\/v2\/product_tag?post=25740"}],"curies":[{"name":"wp","href":"https:\/\/api.w.org\/{rel}","templated":true}]}}