{"id":25739,"date":"2022-09-19T08:11:31","date_gmt":"2022-09-19T06:11:31","guid":{"rendered":"https:\/\/doll.shop\/produkt\/firedoll-laila-166-cm\/"},"modified":"2026-04-27T19:41:22","modified_gmt":"2026-04-27T17:41:22","slug":"firedoll-laila-166-cm","status":"publish","type":"product","link":"https:\/\/doll.shop\/fr\/produit\/firedoll-laila-166-cm\/","title":{"rendered":"Firedoll Laila | 166 cm"},"content":{"rendered":"","protected":false},"excerpt":{"rendered":"<p>Firedoll Laila ressemble tout simplement \u00e0 un bel ange. Il est tr\u00e8s difficile d&rsquo;en d\u00e9tacher ses yeux d\u00e8s que l&rsquo;on aper\u00e7oit cette beaut\u00e9 \u00e9blouissante pour la premi\u00e8re fois. Laila a le corps d&rsquo;un top-mod\u00e8le. Elle est tout parfaite. Elle a une silhouette tr\u00e8s fine et sportive et de belles rondeurs f\u00e9minines, juste l\u00e0 o\u00f9 il faut. Par rapport \u00e0 sa silhouette \u00e9lanc\u00e9e, cette sexdoll a une poitrine assez g\u00e9n\u00e9reuse. Firedoll est connu pour la fabrication de poup\u00e9es d&rsquo;amour extr\u00eamement r\u00e9alistes. La poup\u00e9e sexuelle Laila en est une nouvelle preuve. Laila a un regard tr\u00e8s per\u00e7ant. Lorsque cette beaut\u00e9 aux yeux bleus cristallins vous regarde avec son regard profond, la plupart des c\u0153urs masculins se mettent \u00e0 battre. Qu&rsquo;est-ce que vous attendez encore ? Commandez d\u00e8s maintenant sur Doll.shop, le revendeur le moins cher de toute la France.<\/p>\n","protected":false},"featured_media":949752,"comment_status":"open","ping_status":"closed","template":"","meta":[],"product_brand":[],"product_cat":[612,577],"product_tag":[],"class_list":{"0":"post-25739","1":"product","2":"type-product","3":"status-publish","4":"has-post-thumbnail","6":"product_cat-firedoll","7":"product_cat-poupees-sexuelles","8":"pa_brand-firedoll-fr","10":"first","11":"instock","12":"sale","13":"taxable","14":"shipping-taxable","15":"purchasable","16":"product-type-simple"},"_links":{"self":[{"href":"https:\/\/doll.shop\/fr\/wp-json\/wp\/v2\/product\/25739","targetHints":{"allow":["GET"]}}],"collection":[{"href":"https:\/\/doll.shop\/fr\/wp-json\/wp\/v2\/product"}],"about":[{"href":"https:\/\/doll.shop\/fr\/wp-json\/wp\/v2\/types\/product"}],"replies":[{"embeddable":true,"href":"https:\/\/doll.shop\/fr\/wp-json\/wp\/v2\/comments?post=25739"}],"wp:featuredmedia":[{"embeddable":true,"href":"https:\/\/doll.shop\/fr\/wp-json\/wp\/v2\/media\/949752"}],"wp:attachment":[{"href":"https:\/\/doll.shop\/fr\/wp-json\/wp\/v2\/media?parent=25739"}],"wp:term":[{"taxonomy":"product_brand","embeddable":true,"href":"https:\/\/doll.shop\/fr\/wp-json\/wp\/v2\/product_brand?post=25739"},{"taxonomy":"product_cat","embeddable":true,"href":"https:\/\/doll.shop\/fr\/wp-json\/wp\/v2\/product_cat?post=25739"},{"taxonomy":"product_tag","embeddable":true,"href":"https:\/\/doll.shop\/fr\/wp-json\/wp\/v2\/product_tag?post=25739"}],"curies":[{"name":"wp","href":"https:\/\/api.w.org\/{rel}","templated":true}]}}