{"id":25738,"date":"2022-03-28T13:53:26","date_gmt":"2022-03-28T11:53:26","guid":{"rendered":"https:\/\/doll.shop\/produkt\/firedoll-zora-166-cm\/"},"modified":"2026-04-22T11:32:20","modified_gmt":"2026-04-22T09:32:20","slug":"firedoll-zora-166-cm","status":"publish","type":"product","link":"https:\/\/doll.shop\/fr\/produit\/firedoll-zora-166-cm\/","title":{"rendered":"Firedoll Zora | 166 cm"},"content":{"rendered":"","protected":false},"excerpt":{"rendered":"<p>Firedoll Zora est une incroyable latina avec un corps de mannequin. Gr\u00e2ce \u00e0 sa taille de 166 cm, cette poup\u00e9e d&rsquo;amour de Firedoll a l&rsquo;air extr\u00eamement r\u00e9aliste. Elle se distingue de la masse avec ses cheveux roux uniques et son air \u00e0 la fois coquin et adorable. Laissez-vous surprendre et d\u00e9couvrez comment Zora fonctionne vraiment. Nous pouvons vous assurer d&rsquo;une chose : vous ne vous ennuierez pas avec cette latina.<\/p>\n","protected":false},"featured_media":14692,"comment_status":"open","ping_status":"closed","template":"","meta":[],"product_brand":[],"product_cat":[612,577],"product_tag":[],"class_list":{"0":"post-25738","1":"product","2":"type-product","3":"status-publish","4":"has-post-thumbnail","6":"product_cat-firedoll","7":"product_cat-poupees-sexuelles","8":"pa_brand-firedoll-fr","10":"first","11":"instock","12":"sale","13":"featured","14":"taxable","15":"shipping-taxable","16":"purchasable","17":"product-type-simple"},"_links":{"self":[{"href":"https:\/\/doll.shop\/fr\/wp-json\/wp\/v2\/product\/25738","targetHints":{"allow":["GET"]}}],"collection":[{"href":"https:\/\/doll.shop\/fr\/wp-json\/wp\/v2\/product"}],"about":[{"href":"https:\/\/doll.shop\/fr\/wp-json\/wp\/v2\/types\/product"}],"replies":[{"embeddable":true,"href":"https:\/\/doll.shop\/fr\/wp-json\/wp\/v2\/comments?post=25738"}],"wp:featuredmedia":[{"embeddable":true,"href":"https:\/\/doll.shop\/fr\/wp-json\/wp\/v2\/media\/14692"}],"wp:attachment":[{"href":"https:\/\/doll.shop\/fr\/wp-json\/wp\/v2\/media?parent=25738"}],"wp:term":[{"taxonomy":"product_brand","embeddable":true,"href":"https:\/\/doll.shop\/fr\/wp-json\/wp\/v2\/product_brand?post=25738"},{"taxonomy":"product_cat","embeddable":true,"href":"https:\/\/doll.shop\/fr\/wp-json\/wp\/v2\/product_cat?post=25738"},{"taxonomy":"product_tag","embeddable":true,"href":"https:\/\/doll.shop\/fr\/wp-json\/wp\/v2\/product_tag?post=25738"}],"curies":[{"name":"wp","href":"https:\/\/api.w.org\/{rel}","templated":true}]}}