{"id":25735,"date":"2022-10-27T09:39:50","date_gmt":"2022-10-27T07:39:50","guid":{"rendered":"https:\/\/doll.shop\/produkt\/firedoll-sarina-166-cm\/"},"modified":"2026-04-22T11:32:11","modified_gmt":"2026-04-22T09:32:11","slug":"firedoll-sarina-166-cm","status":"publish","type":"product","link":"https:\/\/doll.shop\/fr\/produit\/firedoll-sarina-166-cm\/","title":{"rendered":"Firedoll Sarina | 166 cm"},"content":{"rendered":"","protected":false},"excerpt":{"rendered":"<p>Sarina est une poup\u00e9e d&rsquo;amour de haute qualit\u00e9 de la marque Firedoll avec une taille de 166cm. Cette femme en a vraiment sous le capot ! Ne sous-estimez pas cette beaut\u00e9, car elle peut aussi \u00eatre vraiment sauvage.<\/p>\n<p>Il est actuellement possible d&rsquo;acheter cette magnifique poup\u00e9e sexuelle \u00e0 un prix tout \u00e0 fait raisonnable chez Doll.shop. Nous sommes le fournisseur le moins cher de poup\u00e9es d&rsquo;amour r\u00e9alistes dans toute la France. De toute fa\u00e7on, achetez votre nouvelle poup\u00e9e sexuelle chez Doll.shop, votre revendeur de confiance.<\/p>\n","protected":false},"featured_media":21264,"comment_status":"open","ping_status":"closed","template":"","meta":[],"product_brand":[],"product_cat":[612,577],"product_tag":[],"class_list":{"0":"post-25735","1":"product","2":"type-product","3":"status-publish","4":"has-post-thumbnail","6":"product_cat-firedoll","7":"product_cat-poupees-sexuelles","8":"pa_brand-firedoll-fr","10":"first","11":"instock","12":"sale","13":"taxable","14":"shipping-taxable","15":"purchasable","16":"product-type-simple"},"_links":{"self":[{"href":"https:\/\/doll.shop\/fr\/wp-json\/wp\/v2\/product\/25735","targetHints":{"allow":["GET"]}}],"collection":[{"href":"https:\/\/doll.shop\/fr\/wp-json\/wp\/v2\/product"}],"about":[{"href":"https:\/\/doll.shop\/fr\/wp-json\/wp\/v2\/types\/product"}],"replies":[{"embeddable":true,"href":"https:\/\/doll.shop\/fr\/wp-json\/wp\/v2\/comments?post=25735"}],"wp:featuredmedia":[{"embeddable":true,"href":"https:\/\/doll.shop\/fr\/wp-json\/wp\/v2\/media\/21264"}],"wp:attachment":[{"href":"https:\/\/doll.shop\/fr\/wp-json\/wp\/v2\/media?parent=25735"}],"wp:term":[{"taxonomy":"product_brand","embeddable":true,"href":"https:\/\/doll.shop\/fr\/wp-json\/wp\/v2\/product_brand?post=25735"},{"taxonomy":"product_cat","embeddable":true,"href":"https:\/\/doll.shop\/fr\/wp-json\/wp\/v2\/product_cat?post=25735"},{"taxonomy":"product_tag","embeddable":true,"href":"https:\/\/doll.shop\/fr\/wp-json\/wp\/v2\/product_tag?post=25735"}],"curies":[{"name":"wp","href":"https:\/\/api.w.org\/{rel}","templated":true}]}}