{"id":25732,"date":"2022-09-19T08:13:06","date_gmt":"2022-09-19T06:13:06","guid":{"rendered":"https:\/\/doll.shop\/produkt\/firedoll-lisa-marie-166-cm\/"},"modified":"2026-04-22T11:32:15","modified_gmt":"2026-04-22T09:32:15","slug":"firedoll-lisa-marie-166-cm","status":"publish","type":"product","link":"https:\/\/doll.shop\/fr\/produit\/firedoll-lisa-marie-166-cm\/","title":{"rendered":"Firedoll Lisa-Marie | 166 cm"},"content":{"rendered":"","protected":false},"excerpt":{"rendered":"<p>Une chose est s\u00fbre : il est rare d&rsquo;apercevoir une telle beaut\u00e9 ! Firedoll Lisa-Marie est vraiment unique. Si vous voyiez cette femme dans la rue, vous n&rsquo;en croiriez probablement pas vos yeux. Ne vous inqui\u00e9tez pas, vous n&rsquo;avez pas besoin de vous pincer pour v\u00e9rifier si vous dormez encore. C&rsquo;est la r\u00e9alit\u00e9 ! Doll.shop, votre revendeur de confiance, a une fois de plus une poup\u00e9e sexuelle vraiment charismatique en stock pour vous. Si vous \u00eates \u00e0 la recherche d&rsquo;une femme tr\u00e8s active avec un corps sportif et un beau visage, vous ne devez en aucun cas manquer Firedoll Lisa-Marie. Lisa-Marie mesure 166 cm et se fait remarquer par ses longues et fines jambes. Elle n&rsquo;a absolument aucune graisse \u00e0 aucun endroit. Les courbes de cette sexdoll font d&rsquo;elle un v\u00e9ritable accroche-regard. Lisa-Marie a un beau d\u00e9collet\u00e9 et des fesses bien form\u00e9es. Gr\u00e2ce \u00e0 la silhouette sportive de cette poup\u00e9e d&rsquo;amour, vous pouvez \u00eatre s\u00fbr que vous ne vous ennuierez jamais avec elle. Lisa-Marie vous g\u00e2tera jour et nuit et r\u00e9alisera tous vos souhaits. Laissez-vous tenter par l&rsquo;aventure et faites vite connaissance avec Lisa-Marie !<\/p>\n","protected":false},"featured_media":20796,"comment_status":"open","ping_status":"closed","template":"","meta":[],"product_brand":[],"product_cat":[612,577],"product_tag":[],"class_list":{"0":"post-25732","1":"product","2":"type-product","3":"status-publish","4":"has-post-thumbnail","6":"product_cat-firedoll","7":"product_cat-poupees-sexuelles","8":"pa_brand-firedoll-fr","10":"first","11":"instock","12":"sale","13":"featured","14":"taxable","15":"shipping-taxable","16":"purchasable","17":"product-type-simple"},"_links":{"self":[{"href":"https:\/\/doll.shop\/fr\/wp-json\/wp\/v2\/product\/25732","targetHints":{"allow":["GET"]}}],"collection":[{"href":"https:\/\/doll.shop\/fr\/wp-json\/wp\/v2\/product"}],"about":[{"href":"https:\/\/doll.shop\/fr\/wp-json\/wp\/v2\/types\/product"}],"replies":[{"embeddable":true,"href":"https:\/\/doll.shop\/fr\/wp-json\/wp\/v2\/comments?post=25732"}],"wp:featuredmedia":[{"embeddable":true,"href":"https:\/\/doll.shop\/fr\/wp-json\/wp\/v2\/media\/20796"}],"wp:attachment":[{"href":"https:\/\/doll.shop\/fr\/wp-json\/wp\/v2\/media?parent=25732"}],"wp:term":[{"taxonomy":"product_brand","embeddable":true,"href":"https:\/\/doll.shop\/fr\/wp-json\/wp\/v2\/product_brand?post=25732"},{"taxonomy":"product_cat","embeddable":true,"href":"https:\/\/doll.shop\/fr\/wp-json\/wp\/v2\/product_cat?post=25732"},{"taxonomy":"product_tag","embeddable":true,"href":"https:\/\/doll.shop\/fr\/wp-json\/wp\/v2\/product_tag?post=25732"}],"curies":[{"name":"wp","href":"https:\/\/api.w.org\/{rel}","templated":true}]}}