{"id":25703,"date":"2022-04-21T14:11:21","date_gmt":"2022-04-21T12:11:21","guid":{"rendered":"https:\/\/doll.shop\/produkt\/wm-doll-chantal-164-cm\/"},"modified":"2026-03-11T04:04:56","modified_gmt":"2026-03-11T03:04:56","slug":"wm-doll-chantal-164-cm","status":"publish","type":"product","link":"https:\/\/doll.shop\/fr\/produit\/wm-doll-chantal-164-cm\/","title":{"rendered":"WM Doll Chantal | 164 cm"},"content":{"rendered":"","protected":false},"excerpt":{"rendered":"<p>WM Doll Chantal est la poup\u00e9e d&rsquo;amour premium de vos r\u00eaves. Vous savez ce qui est g\u00e9nial : elle ne doit pas rester prisonni\u00e8re de vos r\u00eaves ! Optez d\u00e8s maintenant pour la poup\u00e9e sexuelle Chantal et elle pourra \u00eatre chez vous en quelques jours seulement. Avec une taille de 164 cm, cette femme de r\u00eave asiatique est tr\u00e8s r\u00e9aliste.<\/p>\n","protected":false},"featured_media":15222,"comment_status":"open","ping_status":"closed","template":"","meta":[],"product_brand":[],"product_cat":[601,577],"product_tag":[],"class_list":{"0":"post-25703","1":"product","2":"type-product","3":"status-publish","4":"has-post-thumbnail","6":"product_cat-wm-doll","7":"product_cat-poupees-sexuelles","8":"pa_brand-wm-doll-fr","10":"first","11":"onbackorder","12":"taxable","13":"shipping-taxable","14":"purchasable","15":"product-type-simple"},"_links":{"self":[{"href":"https:\/\/doll.shop\/fr\/wp-json\/wp\/v2\/product\/25703","targetHints":{"allow":["GET"]}}],"collection":[{"href":"https:\/\/doll.shop\/fr\/wp-json\/wp\/v2\/product"}],"about":[{"href":"https:\/\/doll.shop\/fr\/wp-json\/wp\/v2\/types\/product"}],"replies":[{"embeddable":true,"href":"https:\/\/doll.shop\/fr\/wp-json\/wp\/v2\/comments?post=25703"}],"wp:featuredmedia":[{"embeddable":true,"href":"https:\/\/doll.shop\/fr\/wp-json\/wp\/v2\/media\/15222"}],"wp:attachment":[{"href":"https:\/\/doll.shop\/fr\/wp-json\/wp\/v2\/media?parent=25703"}],"wp:term":[{"taxonomy":"product_brand","embeddable":true,"href":"https:\/\/doll.shop\/fr\/wp-json\/wp\/v2\/product_brand?post=25703"},{"taxonomy":"product_cat","embeddable":true,"href":"https:\/\/doll.shop\/fr\/wp-json\/wp\/v2\/product_cat?post=25703"},{"taxonomy":"product_tag","embeddable":true,"href":"https:\/\/doll.shop\/fr\/wp-json\/wp\/v2\/product_tag?post=25703"}],"curies":[{"name":"wp","href":"https:\/\/api.w.org\/{rel}","templated":true}]}}