{"id":25700,"date":"2022-04-22T08:13:49","date_gmt":"2022-04-22T06:13:49","guid":{"rendered":"https:\/\/doll.shop\/produkt\/wm-doll-jill-172-cm\/"},"modified":"2026-03-11T04:45:11","modified_gmt":"2026-03-11T03:45:11","slug":"wm-doll-jill-172-cm","status":"publish","type":"product","link":"https:\/\/doll.shop\/fr\/produit\/wm-doll-jill-172-cm\/","title":{"rendered":"WM Doll Jill | 172 cm"},"content":{"rendered":"","protected":false},"excerpt":{"rendered":"<p>WM Doll Jill est une charmante asiatique qui vous rendra la vie plus douce. Avec une taille de 172 cm, Jill est optimale pour tous ceux qui aiment les femmes plus grandes.. Jill a un corps parfait et mince et des seins relativement petits. N&rsquo;h\u00e9sitez pas trop longtemps \u00e0 faire la connaissance de cette femme de r\u00eave, vous ne le regretterez pas ! Veuillez noter que ce mod\u00e8le est livr\u00e9 dans une couleur de peau l\u00e9g\u00e8rement bronz\u00e9e. De plus, Jill est repr\u00e9sent\u00e9e sur les photos avec une perruque implant\u00e9e. Elle est toutefois exp\u00e9di\u00e9e avec une perruque amovible.<\/p>\n","protected":false},"featured_media":15334,"comment_status":"open","ping_status":"closed","template":"","meta":[],"product_brand":[],"product_cat":[601,577],"product_tag":[],"class_list":{"0":"post-25700","1":"product","2":"type-product","3":"status-publish","4":"has-post-thumbnail","6":"product_cat-wm-doll","7":"product_cat-poupees-sexuelles","8":"pa_brand-wm-doll-fr","10":"first","11":"onbackorder","12":"taxable","13":"shipping-taxable","14":"purchasable","15":"product-type-simple"},"_links":{"self":[{"href":"https:\/\/doll.shop\/fr\/wp-json\/wp\/v2\/product\/25700","targetHints":{"allow":["GET"]}}],"collection":[{"href":"https:\/\/doll.shop\/fr\/wp-json\/wp\/v2\/product"}],"about":[{"href":"https:\/\/doll.shop\/fr\/wp-json\/wp\/v2\/types\/product"}],"replies":[{"embeddable":true,"href":"https:\/\/doll.shop\/fr\/wp-json\/wp\/v2\/comments?post=25700"}],"wp:featuredmedia":[{"embeddable":true,"href":"https:\/\/doll.shop\/fr\/wp-json\/wp\/v2\/media\/15334"}],"wp:attachment":[{"href":"https:\/\/doll.shop\/fr\/wp-json\/wp\/v2\/media?parent=25700"}],"wp:term":[{"taxonomy":"product_brand","embeddable":true,"href":"https:\/\/doll.shop\/fr\/wp-json\/wp\/v2\/product_brand?post=25700"},{"taxonomy":"product_cat","embeddable":true,"href":"https:\/\/doll.shop\/fr\/wp-json\/wp\/v2\/product_cat?post=25700"},{"taxonomy":"product_tag","embeddable":true,"href":"https:\/\/doll.shop\/fr\/wp-json\/wp\/v2\/product_tag?post=25700"}],"curies":[{"name":"wp","href":"https:\/\/api.w.org\/{rel}","templated":true}]}}