{"id":25697,"date":"2022-06-09T10:38:51","date_gmt":"2022-06-09T08:38:51","guid":{"rendered":"https:\/\/doll.shop\/produkt\/lovedoll-jessica-157-cm\/"},"modified":"2025-12-05T12:36:24","modified_gmt":"2025-12-05T11:36:24","slug":"lovedoll-jessica-157-cm","status":"publish","type":"product","link":"https:\/\/doll.shop\/fr\/produit\/lovedoll-jessica-157-cm\/","title":{"rendered":"Lovedoll Jessica | 157 cm"},"content":{"rendered":"","protected":false},"excerpt":{"rendered":"<p>WM Doll Jessica attire tous les regards. Cette blonde est un v\u00e9ritable ange. La seule question est de savoir \u00e0 quoi ressemble Jessica en vrai. N&rsquo;attendez plus et d\u00e9couvrez-le vite ! Si vous trouvez les femmes blondes attirantes, vous devriez certainement regarder de plus pr\u00e8s cette poup\u00e9e d&rsquo;amour premium. Vous \u00eates pr\u00eat pour une nouvelle aventure dans votre vie ? Alors, rendez-vous d\u00e8s maintenant sur Doll.shop !<\/p>\n","protected":false},"featured_media":15736,"comment_status":"open","ping_status":"closed","template":"","meta":[],"product_brand":[],"product_cat":[577,601],"product_tag":[],"class_list":{"0":"post-25697","1":"product","2":"type-product","3":"status-publish","4":"has-post-thumbnail","6":"product_cat-poupees-sexuelles","7":"product_cat-wm-doll","8":"pa_brand-wm-doll-fr","10":"first","11":"onbackorder","12":"taxable","13":"shipping-taxable","14":"purchasable","15":"product-type-simple"},"_links":{"self":[{"href":"https:\/\/doll.shop\/fr\/wp-json\/wp\/v2\/product\/25697","targetHints":{"allow":["GET"]}}],"collection":[{"href":"https:\/\/doll.shop\/fr\/wp-json\/wp\/v2\/product"}],"about":[{"href":"https:\/\/doll.shop\/fr\/wp-json\/wp\/v2\/types\/product"}],"replies":[{"embeddable":true,"href":"https:\/\/doll.shop\/fr\/wp-json\/wp\/v2\/comments?post=25697"}],"wp:featuredmedia":[{"embeddable":true,"href":"https:\/\/doll.shop\/fr\/wp-json\/wp\/v2\/media\/15736"}],"wp:attachment":[{"href":"https:\/\/doll.shop\/fr\/wp-json\/wp\/v2\/media?parent=25697"}],"wp:term":[{"taxonomy":"product_brand","embeddable":true,"href":"https:\/\/doll.shop\/fr\/wp-json\/wp\/v2\/product_brand?post=25697"},{"taxonomy":"product_cat","embeddable":true,"href":"https:\/\/doll.shop\/fr\/wp-json\/wp\/v2\/product_cat?post=25697"},{"taxonomy":"product_tag","embeddable":true,"href":"https:\/\/doll.shop\/fr\/wp-json\/wp\/v2\/product_tag?post=25697"}],"curies":[{"name":"wp","href":"https:\/\/api.w.org\/{rel}","templated":true}]}}