{"id":25695,"date":"2022-06-09T10:40:51","date_gmt":"2022-06-09T08:40:51","guid":{"rendered":"https:\/\/doll.shop\/produkt\/lovedoll-nadia-157-cm\/"},"modified":"2026-03-11T01:57:46","modified_gmt":"2026-03-11T00:57:46","slug":"lovedoll-nadia-157-cm","status":"publish","type":"product","link":"https:\/\/doll.shop\/fr\/produit\/lovedoll-nadia-157-cm\/","title":{"rendered":"Lovedoll Nadia | 157 cm"},"content":{"rendered":"","protected":false},"excerpt":{"rendered":"<p>WM Doll Nadia est irr\u00e9sistible. Elle est si insolente et sauvage et en m\u00eame temps si belle. Une fois que vous aurez vu son corps de r\u00eave, vous ne voudrez plus rien d&rsquo;autre. C&rsquo;est une bonne chose que WM Doll Nadia vous reste si longtemps. Si vous aimez les femmes minces avec des cheveux boucl\u00e9s et audacieux, ne manquez pas Nadia. Mais elle n&rsquo;a pas seulement un corps parfait. Nadia a aussi un tr\u00e8s joli visage qui sort du lot.<\/p>\n","protected":false},"featured_media":15832,"comment_status":"open","ping_status":"closed","template":"","meta":[],"product_brand":[],"product_cat":[577,601],"product_tag":[],"class_list":{"0":"post-25695","1":"product","2":"type-product","3":"status-publish","4":"has-post-thumbnail","6":"product_cat-poupees-sexuelles","7":"product_cat-wm-doll","8":"pa_brand-wm-doll-fr","10":"first","11":"onbackorder","12":"taxable","13":"shipping-taxable","14":"purchasable","15":"product-type-simple"},"_links":{"self":[{"href":"https:\/\/doll.shop\/fr\/wp-json\/wp\/v2\/product\/25695","targetHints":{"allow":["GET"]}}],"collection":[{"href":"https:\/\/doll.shop\/fr\/wp-json\/wp\/v2\/product"}],"about":[{"href":"https:\/\/doll.shop\/fr\/wp-json\/wp\/v2\/types\/product"}],"replies":[{"embeddable":true,"href":"https:\/\/doll.shop\/fr\/wp-json\/wp\/v2\/comments?post=25695"}],"wp:featuredmedia":[{"embeddable":true,"href":"https:\/\/doll.shop\/fr\/wp-json\/wp\/v2\/media\/15832"}],"wp:attachment":[{"href":"https:\/\/doll.shop\/fr\/wp-json\/wp\/v2\/media?parent=25695"}],"wp:term":[{"taxonomy":"product_brand","embeddable":true,"href":"https:\/\/doll.shop\/fr\/wp-json\/wp\/v2\/product_brand?post=25695"},{"taxonomy":"product_cat","embeddable":true,"href":"https:\/\/doll.shop\/fr\/wp-json\/wp\/v2\/product_cat?post=25695"},{"taxonomy":"product_tag","embeddable":true,"href":"https:\/\/doll.shop\/fr\/wp-json\/wp\/v2\/product_tag?post=25695"}],"curies":[{"name":"wp","href":"https:\/\/api.w.org\/{rel}","templated":true}]}}