{"id":25692,"date":"2022-06-09T10:41:58","date_gmt":"2022-06-09T08:41:58","guid":{"rendered":"https:\/\/doll.shop\/produkt\/lovedoll-alexis-157-cm\/"},"modified":"2026-03-11T06:50:27","modified_gmt":"2026-03-11T05:50:27","slug":"lovedoll-alexis-157-cm","status":"publish","type":"product","link":"https:\/\/doll.shop\/fr\/produit\/lovedoll-alexis-157-cm\/","title":{"rendered":"Lovedoll Alexis | 157 cm"},"content":{"rendered":"","protected":false},"excerpt":{"rendered":"<p>WM Doll Alexis est une v\u00e9ritable bombe sportive avec une \u00e9nergie d\u00e9bordante. Elle peut rendre votre vie tellement plus excitante et, gr\u00e2ce \u00e0 sa forme physique, elle peut vraiment vous servir pendant des heures selon vos d\u00e9sirs. Alexis est relativement petite et donc facile \u00e0 manipuler. Mais ne sous-estimez pas cette poup\u00e9e d&rsquo;amour. Elle en a vraiment sous le capot ! Vous aimez les brunes aux cheveux boucl\u00e9s et au corps de r\u00eave ? Alors ne manquez pas l&rsquo;occasion de jeter un coup d&rsquo;\u0153il \u00e0 Alexis.<\/p>\n","protected":false},"featured_media":15836,"comment_status":"open","ping_status":"closed","template":"","meta":[],"product_brand":[],"product_cat":[577,601],"product_tag":[],"class_list":{"0":"post-25692","1":"product","2":"type-product","3":"status-publish","4":"has-post-thumbnail","6":"product_cat-poupees-sexuelles","7":"product_cat-wm-doll","8":"pa_brand-wm-doll-fr","10":"first","11":"onbackorder","12":"taxable","13":"shipping-taxable","14":"purchasable","15":"product-type-simple"},"_links":{"self":[{"href":"https:\/\/doll.shop\/fr\/wp-json\/wp\/v2\/product\/25692","targetHints":{"allow":["GET"]}}],"collection":[{"href":"https:\/\/doll.shop\/fr\/wp-json\/wp\/v2\/product"}],"about":[{"href":"https:\/\/doll.shop\/fr\/wp-json\/wp\/v2\/types\/product"}],"replies":[{"embeddable":true,"href":"https:\/\/doll.shop\/fr\/wp-json\/wp\/v2\/comments?post=25692"}],"wp:featuredmedia":[{"embeddable":true,"href":"https:\/\/doll.shop\/fr\/wp-json\/wp\/v2\/media\/15836"}],"wp:attachment":[{"href":"https:\/\/doll.shop\/fr\/wp-json\/wp\/v2\/media?parent=25692"}],"wp:term":[{"taxonomy":"product_brand","embeddable":true,"href":"https:\/\/doll.shop\/fr\/wp-json\/wp\/v2\/product_brand?post=25692"},{"taxonomy":"product_cat","embeddable":true,"href":"https:\/\/doll.shop\/fr\/wp-json\/wp\/v2\/product_cat?post=25692"},{"taxonomy":"product_tag","embeddable":true,"href":"https:\/\/doll.shop\/fr\/wp-json\/wp\/v2\/product_tag?post=25692"}],"curies":[{"name":"wp","href":"https:\/\/api.w.org\/{rel}","templated":true}]}}