{"id":25683,"date":"2022-08-06T09:14:06","date_gmt":"2022-08-06T07:14:06","guid":{"rendered":"https:\/\/doll.shop\/produkt\/wm-doll-babette-172-cm\/"},"modified":"2026-03-10T20:47:30","modified_gmt":"2026-03-10T19:47:30","slug":"wm-doll-babette-172-cm","status":"publish","type":"product","link":"https:\/\/doll.shop\/fr\/produit\/wm-doll-babette-172-cm\/","title":{"rendered":"WM Doll Babette | 172 cm"},"content":{"rendered":"","protected":false},"excerpt":{"rendered":"<p>WM Doll Babette est une femme vraiment folle, m\u00eame sans les bijoux de visage sur les photos. Veuillez noter que pour cette poup\u00e9e d&rsquo;amour, les piercings et les boucles d&rsquo;oreilles ne sont pas fournis sur les photos. Les d\u00e9tails sur les photos vous aident cependant \u00e0 comprendre \u00e0 quel point cette dame est en fait sauvage. Avec une longueur de 172 cm, Babette est vraiment une grande dame. Elle est tellement sportive et d\u00e9borde d&rsquo;\u00e9nergie. Babette a un visage adorable, de superbes jambes longues et un corps incroyablement mince. Cette brune a des seins relativement petits, mais vraiment parfaitement form\u00e9s, qui correspondent parfaitement \u00e0 sa morphologie. Elle a \u00e9galement un magnifique derri\u00e8re qui souligne sa silhouette presque parfaite. Lorsque vous verrez Babette pour la premi\u00e8re fois en vrai, vous vous demanderez peut-\u00eatre si vous \u00eates en train de r\u00eaver. Mais il ne faut pas vous inquieter de cel\u00e0. Babette existe vraiment et elle est au moins aussi irr\u00e9sistible en vrai que sur les photos.<\/p>\n","protected":false},"featured_media":18762,"comment_status":"open","ping_status":"closed","template":"","meta":[],"product_brand":[],"product_cat":[601,577],"product_tag":[],"class_list":{"0":"post-25683","1":"product","2":"type-product","3":"status-publish","4":"has-post-thumbnail","6":"product_cat-wm-doll","7":"product_cat-poupees-sexuelles","8":"pa_brand-wm-doll-fr","10":"first","11":"onbackorder","12":"taxable","13":"shipping-taxable","14":"purchasable","15":"product-type-simple"},"_links":{"self":[{"href":"https:\/\/doll.shop\/fr\/wp-json\/wp\/v2\/product\/25683","targetHints":{"allow":["GET"]}}],"collection":[{"href":"https:\/\/doll.shop\/fr\/wp-json\/wp\/v2\/product"}],"about":[{"href":"https:\/\/doll.shop\/fr\/wp-json\/wp\/v2\/types\/product"}],"replies":[{"embeddable":true,"href":"https:\/\/doll.shop\/fr\/wp-json\/wp\/v2\/comments?post=25683"}],"wp:featuredmedia":[{"embeddable":true,"href":"https:\/\/doll.shop\/fr\/wp-json\/wp\/v2\/media\/18762"}],"wp:attachment":[{"href":"https:\/\/doll.shop\/fr\/wp-json\/wp\/v2\/media?parent=25683"}],"wp:term":[{"taxonomy":"product_brand","embeddable":true,"href":"https:\/\/doll.shop\/fr\/wp-json\/wp\/v2\/product_brand?post=25683"},{"taxonomy":"product_cat","embeddable":true,"href":"https:\/\/doll.shop\/fr\/wp-json\/wp\/v2\/product_cat?post=25683"},{"taxonomy":"product_tag","embeddable":true,"href":"https:\/\/doll.shop\/fr\/wp-json\/wp\/v2\/product_tag?post=25683"}],"curies":[{"name":"wp","href":"https:\/\/api.w.org\/{rel}","templated":true}]}}