{"id":25681,"date":"2022-08-07T09:53:38","date_gmt":"2022-08-07T07:53:38","guid":{"rendered":"https:\/\/doll.shop\/produkt\/wm-doll-mirthe-159-cm\/"},"modified":"2026-03-10T18:45:53","modified_gmt":"2026-03-10T17:45:53","slug":"wm-doll-mirthe-159-cm","status":"publish","type":"product","link":"https:\/\/doll.shop\/fr\/produit\/wm-doll-mirthe-159-cm\/","title":{"rendered":"WM Doll Mirthe | 159 cm"},"content":{"rendered":"","protected":false},"excerpt":{"rendered":"<p>WM Doll Mirthe ressemble \u00e0 l&rsquo;institutrice que vous avez toujours trouv\u00e9e magnifique \u00e0 l&rsquo;\u00e9poque o\u00f9 vous \u00e9tiez \u00e0 l&rsquo;\u00e9cole. Ce qui est g\u00e9nial, c&rsquo;est que maintenant vous n&rsquo;\u00eates plus \u00e0 l&rsquo;\u00e9cole et que vous pouvez faire la connaissance de Mirthe en vrai. Mirthe est une blonde plut\u00f4t petite qui mesure 159 cm. Elle a un tr\u00e8s beau visage et semble tr\u00e8s sage. On peut donc se demander si elle est aussi inoffensive dans la r\u00e9alit\u00e9. Nous ne voulons \u00e9videmment pas vous g\u00e2cher la surprise, mais nous pouvons vous dire ceci : Mirthe peut aussi \u00eatre diff\u00e9rente ! Malgr\u00e9 sa petite taille, cette poup\u00e9e a des seins relativement gros avec un bonnet C. Un regard aussi adorable associ\u00e9 \u00e0 un corps aussi sexy est une combinaison vraiment int\u00e9ressante. Cela fait de cette poup\u00e9e d&rsquo;amour premium une dame vraiment irr\u00e9sistible. Et bien s\u00fbr, vous ne pourrez pas r\u00e9sister \u00e0 cette gr\u00e2ce !<\/p>\n","protected":false},"featured_media":18950,"comment_status":"open","ping_status":"closed","template":"","meta":[],"product_brand":[],"product_cat":[601,577],"product_tag":[],"class_list":{"0":"post-25681","1":"product","2":"type-product","3":"status-publish","4":"has-post-thumbnail","6":"product_cat-wm-doll","7":"product_cat-poupees-sexuelles","8":"pa_brand-wm-doll-fr","10":"first","11":"onbackorder","12":"taxable","13":"shipping-taxable","14":"purchasable","15":"product-type-simple"},"_links":{"self":[{"href":"https:\/\/doll.shop\/fr\/wp-json\/wp\/v2\/product\/25681","targetHints":{"allow":["GET"]}}],"collection":[{"href":"https:\/\/doll.shop\/fr\/wp-json\/wp\/v2\/product"}],"about":[{"href":"https:\/\/doll.shop\/fr\/wp-json\/wp\/v2\/types\/product"}],"replies":[{"embeddable":true,"href":"https:\/\/doll.shop\/fr\/wp-json\/wp\/v2\/comments?post=25681"}],"wp:featuredmedia":[{"embeddable":true,"href":"https:\/\/doll.shop\/fr\/wp-json\/wp\/v2\/media\/18950"}],"wp:attachment":[{"href":"https:\/\/doll.shop\/fr\/wp-json\/wp\/v2\/media?parent=25681"}],"wp:term":[{"taxonomy":"product_brand","embeddable":true,"href":"https:\/\/doll.shop\/fr\/wp-json\/wp\/v2\/product_brand?post=25681"},{"taxonomy":"product_cat","embeddable":true,"href":"https:\/\/doll.shop\/fr\/wp-json\/wp\/v2\/product_cat?post=25681"},{"taxonomy":"product_tag","embeddable":true,"href":"https:\/\/doll.shop\/fr\/wp-json\/wp\/v2\/product_tag?post=25681"}],"curies":[{"name":"wp","href":"https:\/\/api.w.org\/{rel}","templated":true}]}}