{"id":25678,"date":"2022-08-07T10:38:05","date_gmt":"2022-08-07T08:38:05","guid":{"rendered":"https:\/\/doll.shop\/produkt\/wm-doll-cornelia-164cm\/"},"modified":"2026-03-10T21:07:59","modified_gmt":"2026-03-10T20:07:59","slug":"wm-doll-cornelia-164cm","status":"publish","type":"product","link":"https:\/\/doll.shop\/fr\/produit\/wm-doll-cornelia-164cm\/","title":{"rendered":"WM Doll Cornelia | 164cm"},"content":{"rendered":"","protected":false},"excerpt":{"rendered":"<p>Il y a beaucoup d&rsquo;hommes qui aiment les femmes un peu plus petites. Des poup\u00e9es sexuelles plus petites peuvent aussi pr\u00e9senter un \u00e9norme avantage pour un client, car ces poup\u00e9es p\u00e8sent moins lourd, ce qui facilite leur manipulation. C&rsquo;est pourquoi WM Doll propose de nombreuses poup\u00e9es sexuelles haut de gamme de diff\u00e9rentes tailles. Parmi elles, certaines poup\u00e9es d&rsquo;amour mesurent 164 cm. WM Doll Cornelia est l&rsquo;une de ces jolies femmes. Ce mod\u00e8le de WM Doll est peut-\u00eatre le choix parfait pour vous si vous aimez les petites femmes. Ne sous-estimez pas cette petite poup\u00e9e sexuelle. Elle a une \u00e9nergie incroyable et l&rsquo;utilisera pour vous faire plaisir \u00e0 tout moment.<\/p>\n","protected":false},"featured_media":19430,"comment_status":"open","ping_status":"closed","template":"","meta":[],"product_brand":[],"product_cat":[601,577],"product_tag":[],"class_list":{"0":"post-25678","1":"product","2":"type-product","3":"status-publish","4":"has-post-thumbnail","6":"product_cat-wm-doll","7":"product_cat-poupees-sexuelles","8":"pa_brand-wm-doll-fr","10":"first","11":"onbackorder","12":"taxable","13":"shipping-taxable","14":"purchasable","15":"product-type-simple"},"_links":{"self":[{"href":"https:\/\/doll.shop\/fr\/wp-json\/wp\/v2\/product\/25678","targetHints":{"allow":["GET"]}}],"collection":[{"href":"https:\/\/doll.shop\/fr\/wp-json\/wp\/v2\/product"}],"about":[{"href":"https:\/\/doll.shop\/fr\/wp-json\/wp\/v2\/types\/product"}],"replies":[{"embeddable":true,"href":"https:\/\/doll.shop\/fr\/wp-json\/wp\/v2\/comments?post=25678"}],"wp:featuredmedia":[{"embeddable":true,"href":"https:\/\/doll.shop\/fr\/wp-json\/wp\/v2\/media\/19430"}],"wp:attachment":[{"href":"https:\/\/doll.shop\/fr\/wp-json\/wp\/v2\/media?parent=25678"}],"wp:term":[{"taxonomy":"product_brand","embeddable":true,"href":"https:\/\/doll.shop\/fr\/wp-json\/wp\/v2\/product_brand?post=25678"},{"taxonomy":"product_cat","embeddable":true,"href":"https:\/\/doll.shop\/fr\/wp-json\/wp\/v2\/product_cat?post=25678"},{"taxonomy":"product_tag","embeddable":true,"href":"https:\/\/doll.shop\/fr\/wp-json\/wp\/v2\/product_tag?post=25678"}],"curies":[{"name":"wp","href":"https:\/\/api.w.org\/{rel}","templated":true}]}}