{"id":25674,"date":"2023-02-09T11:29:31","date_gmt":"2023-02-09T10:29:31","guid":{"rendered":"https:\/\/doll.shop\/produkt\/wm-doll-thea-159-cm\/"},"modified":"2026-03-11T07:22:23","modified_gmt":"2026-03-11T06:22:23","slug":"wm-doll-thea-159-cm","status":"publish","type":"product","link":"https:\/\/doll.shop\/fr\/produit\/wm-doll-thea-159-cm\/","title":{"rendered":"WM Doll Thea | 159 cm"},"content":{"rendered":"","protected":false},"excerpt":{"rendered":"<p>WM Doll Thea ressemble \u00e0 une blonde sortie d&rsquo;un catalogue de mode et qui a pris vie. Avec une taille de 159 cm, cette poup\u00e9e d&rsquo;amour est relativement petite et constitue donc le choix parfait pour tous les hommes qui sont attir\u00e9s par les femmes plus petites. Thea ressemble un peu \u00e0 Cendrillon et n&rsquo;a pas seulement un beau visage, mais aussi une silhouette sportive tr\u00e8s attrayante. Si vous \u00eates \u00e0 la recherche d&rsquo;une femme \u00e0 l&rsquo;\u00e9nergie d\u00e9bordante, WM Doll Thea pourrait \u00eatre la femme parfaite pour vous. Thea a un cul parfait et de magnifiques seins ronds qui font transpirer tous les hommes.<\/p>\n","protected":false},"featured_media":23762,"comment_status":"open","ping_status":"closed","template":"","meta":[],"product_brand":[],"product_cat":[601,577],"product_tag":[],"class_list":{"0":"post-25674","1":"product","2":"type-product","3":"status-publish","4":"has-post-thumbnail","6":"product_cat-wm-doll","7":"product_cat-poupees-sexuelles","8":"pa_brand-wm-doll-fr","10":"first","11":"onbackorder","12":"taxable","13":"shipping-taxable","14":"purchasable","15":"product-type-simple"},"_links":{"self":[{"href":"https:\/\/doll.shop\/fr\/wp-json\/wp\/v2\/product\/25674","targetHints":{"allow":["GET"]}}],"collection":[{"href":"https:\/\/doll.shop\/fr\/wp-json\/wp\/v2\/product"}],"about":[{"href":"https:\/\/doll.shop\/fr\/wp-json\/wp\/v2\/types\/product"}],"replies":[{"embeddable":true,"href":"https:\/\/doll.shop\/fr\/wp-json\/wp\/v2\/comments?post=25674"}],"wp:featuredmedia":[{"embeddable":true,"href":"https:\/\/doll.shop\/fr\/wp-json\/wp\/v2\/media\/23762"}],"wp:attachment":[{"href":"https:\/\/doll.shop\/fr\/wp-json\/wp\/v2\/media?parent=25674"}],"wp:term":[{"taxonomy":"product_brand","embeddable":true,"href":"https:\/\/doll.shop\/fr\/wp-json\/wp\/v2\/product_brand?post=25674"},{"taxonomy":"product_cat","embeddable":true,"href":"https:\/\/doll.shop\/fr\/wp-json\/wp\/v2\/product_cat?post=25674"},{"taxonomy":"product_tag","embeddable":true,"href":"https:\/\/doll.shop\/fr\/wp-json\/wp\/v2\/product_tag?post=25674"}],"curies":[{"name":"wp","href":"https:\/\/api.w.org\/{rel}","templated":true}]}}