{"id":25644,"date":"2022-09-20T11:04:21","date_gmt":"2022-09-20T09:04:21","guid":{"rendered":"https:\/\/doll.shop\/produkt\/paire-dyeux-supplementaire\/"},"modified":"2026-03-11T07:35:49","modified_gmt":"2026-03-11T06:35:49","slug":"paire-dyeux-supplementaire","status":"publish","type":"product","link":"https:\/\/doll.shop\/fr\/produit\/paire-dyeux-supplementaire\/","title":{"rendered":"Paire d&rsquo;yeux suppl\u00e9mentaire"},"content":{"rendered":"","protected":false},"excerpt":{"rendered":"<p>Achetez une paire d&rsquo;yeux suppl\u00e9mentaire pour votre poup\u00e9e sexuelle !<\/p>\n<p>De cette mani\u00e8re, vous pouvez rapidement donner \u00e0 votre poup\u00e9e sexuelle un tout autre aspect. Chez Doll.shop, vous pouvez commander des yeux de diff\u00e9rentes couleurs, ce qui vous permet de varier les plaisirs avec votre poup\u00e9e sexuelle. Choisissez parmi les couleurs bleu, vert, marron et noir. Parmi celles-ci, vous trouverez \u00e0 coup s\u00fbr une couleur qui s&rsquo;accorde bien avec votre poup\u00e9e sexuelle. Les paires d&rsquo;yeux que vous pouvez commander chez nous conviennent \u00e0 toutes les poup\u00e9es sexuelles, quelle que soit leur marque !<\/p>\n","protected":false},"featured_media":21026,"comment_status":"open","ping_status":"closed","template":"","meta":[],"product_brand":[],"product_cat":[617],"product_tag":[],"class_list":{"0":"post-25644","1":"product","2":"type-product","3":"status-publish","4":"has-post-thumbnail","6":"product_cat-accessoires","7":"product_shipping_class-small-fr","9":"first","10":"instock","11":"taxable","12":"shipping-taxable","13":"purchasable","14":"product-type-variable"},"_links":{"self":[{"href":"https:\/\/doll.shop\/fr\/wp-json\/wp\/v2\/product\/25644","targetHints":{"allow":["GET"]}}],"collection":[{"href":"https:\/\/doll.shop\/fr\/wp-json\/wp\/v2\/product"}],"about":[{"href":"https:\/\/doll.shop\/fr\/wp-json\/wp\/v2\/types\/product"}],"replies":[{"embeddable":true,"href":"https:\/\/doll.shop\/fr\/wp-json\/wp\/v2\/comments?post=25644"}],"wp:featuredmedia":[{"embeddable":true,"href":"https:\/\/doll.shop\/fr\/wp-json\/wp\/v2\/media\/21026"}],"wp:attachment":[{"href":"https:\/\/doll.shop\/fr\/wp-json\/wp\/v2\/media?parent=25644"}],"wp:term":[{"taxonomy":"product_brand","embeddable":true,"href":"https:\/\/doll.shop\/fr\/wp-json\/wp\/v2\/product_brand?post=25644"},{"taxonomy":"product_cat","embeddable":true,"href":"https:\/\/doll.shop\/fr\/wp-json\/wp\/v2\/product_cat?post=25644"},{"taxonomy":"product_tag","embeddable":true,"href":"https:\/\/doll.shop\/fr\/wp-json\/wp\/v2\/product_tag?post=25644"}],"curies":[{"name":"wp","href":"https:\/\/api.w.org\/{rel}","templated":true}]}}