{"id":951456,"date":"2026-01-18T07:30:55","date_gmt":"2026-01-18T06:30:55","guid":{"rendered":"https:\/\/doll.shop\/base-de-connaissances\/"},"modified":"2026-01-20T09:46:58","modified_gmt":"2026-01-20T08:46:58","slug":"base-de-connaissances","status":"publish","type":"page","link":"https:\/\/doll.shop\/fr\/base-de-connaissances\/","title":{"rendered":"Base de connaissances"},"content":{"rendered":"\n<p><code>\t<div class=\"kb-wrapper kb-hub-wrapper\">\n\t\t\n\t\t<div class=\"kb-mobile-hub-nav\">\n\t\t\t<div class=\"kb-mobile-search-wrapper\">\n\t\t\t\t<div class=\"kb-search-container mobile-search\">\n\t\t\t\t\t<svg class=\"kb-search-icon mobile-icon\" xmlns=\"[http:\/\/www.w3.org\/2000\/svg](http:\/\/www.w3.org\/2000\/svg)\" fill=\"none\" viewBox=\"0 0 24 24\" stroke=\"currentColor\">\n\t\t\t\t\t\t<path stroke-linecap=\"round\" stroke-linejoin=\"round\" stroke-width=\"2\" d=\"M21 21l-6-6m2-5a7 7 0 11-14 0 7 7 0 0114 0z\" \/>\n\t\t\t\t\t<\/svg>\n\t\t\t\t\t<input type=\"text\" class=\"kb-sidebar-search dvwz-kb-ajax-input mobile-input\" placeholder=\"Rechercher dans la base de connaissances\u2026\" autocomplete=\"off\">\n\t\t\t\t\t<div class=\"dvwz-kb-search-results mobile-results\"><\/div>\n\t\t\t\t<\/div>\n\t\t\t<\/div>\n\t\t<\/div>\n\n\t\t<header class=\"kb-hero\">\n\t\t\t<div class=\"kb-hero-inner\">\n\t\t\t\t<div class=\"kb-hero-text\">\n\t\t\t\t\t<h1>\n\t\t\t\t\t\t<svg xmlns=\"[http:\/\/www.w3.org\/2000\/svg](http:\/\/www.w3.org\/2000\/svg)\" fill=\"none\" viewBox=\"0 0 24 24\" stroke=\"currentColor\">\n\t\t\t\t\t\t\t<path stroke-linecap=\"round\" stroke-linejoin=\"round\" stroke-width=\"2\" d=\"M12 6.253v13m0-13C10.832 5.477 9.246 5 7.5 5S4.168 5.477 3 6.253v13C4.168 18.477 5.754 18 7.5 18s3.332.477 4.5 1.253m0-13C13.168 5.477 14.754 5 16.5 5c1.747 0 3.332.477 4.5 1.253v13C19.832 18.477 18.247 18 16.5 18c-1.746 0-3.332.477-4.5 1.253\" \/>\n\t\t\t\t\t\t<\/svg>\n\t\t\t\t\t\tBase de connaissances\t\t\t\t\t<\/h1>\n\t\t\t\t\t<p>Informations pratiques sur le choix, l\u2019entretien et l\u2019utilisation discr\u00e8te des poup\u00e9es sexuelles.<\/p>\n\t\t\t\t<\/div>\n\t\t\t\t\n\t\t\t\t<div class=\"kb-search-container kb-desktop-only-search\">\n\t\t\t\t\t<svg class=\"kb-search-icon\" xmlns=\"[http:\/\/www.w3.org\/2000\/svg](http:\/\/www.w3.org\/2000\/svg)\" fill=\"none\" viewBox=\"0 0 24 24\" stroke=\"currentColor\"><path stroke-linecap=\"round\" stroke-linejoin=\"round\" stroke-width=\"2\" d=\"M21 21l-6-6m2-5a7 7 0 11-14 0 7 7 0 0114 0z\" \/><\/svg>\n\t\t\t\t\t<input type=\"text\" class=\"kb-shared-search dvwz-kb-ajax-input\" placeholder=\"Rechercher dans la base de connaissances\u2026\" autocomplete=\"off\">\n\t\t\t\t\t<div class=\"dvwz-kb-search-results\"><\/div>\n\t\t\t\t<\/div>\n\t\t\t<\/div>\n\t\t<\/header>\n\n\t\t<div class=\"kb-container\">\n\t\t\t<div class=\"kb-section-label\">Th\u00e8mes<\/div>\n\t\t\t<div class=\"kb-grid\">\n\t\t\t\t\t\t\t\t<div class=\"kb-card\">\n\t\t\t\t\t<div class=\"kb-card-header\">\n\t\t\t\t\t\t<div class=\"kb-card-icon\"><svg xmlns=\"[http:\/\/www.w3.org\/2000\/svg](http:\/\/www.w3.org\/2000\/svg)\" fill=\"none\" viewBox=\"0 0 24 24\" stroke=\"currentColor\"><path stroke-linecap=\"round\" stroke-linejoin=\"round\" stroke-width=\"2\" d=\"M3 7v10a2 2 0 002 2h14a2 2 0 002-2V9a2 2 0 00-2-2h-6l-2-2H5a2 2 0 00-2 2z\" \/><\/svg><\/div>\n\t\t\t\t\t\t<h3>Aide \u00e0 la s\u00e9lection et personnalisation<\/h3>\n\t\t\t\t\t<\/div>\n\t\t\t\t\t<div class=\"kb-card-desc\"><p>Quelle poup\u00e9e te convient vraiment ? C&#039;est ici que tu d\u00e9cides du mat\u00e9riau, de la taille, des options et des finitions. Rapidement. De fa\u00e7on claire. Pour que tu choisisses avec certitude et que tu ne le regrettes pas plus tard.<\/p><\/div>\n\t\t\t\t\t\t\t\t\t\t\t<ul class=\"kb-link-list\">\n\t\t\t\t\t\t\t\t\t\t\t\t\t\t\t<li class=\"\"><a href=\"https:\/\/doll.shop\/fr\/kennisbank\/options-des-poupees-sexuelles-quest-ce-qui-est-logique-et-quest-ce-qui-ne-lest-pas\/\">Options des poup\u00e9es sexuelles : qu&rsquo;est-ce qui est logique et qu&rsquo;est-ce qui ne l&rsquo;est pas ?<\/a><\/li>\n\t\t\t\t\t\t\t\t\t\t\t\t\t\t\t<li class=\"\"><a href=\"https:\/\/doll.shop\/fr\/kennisbank\/quelle-marque-de-poupee-sexuelle-te-convient\/\">Quelle marque de poup\u00e9e sexuelle te convient ?<\/a><\/li>\n\t\t\t\t\t\t\t\t\t\t\t\t\t<\/ul>\n\t\t\t\t\t\t\t\t\t\t\t\t\t\t\t<\/div>\n\t\t\t\t\t\t\t\t<div class=\"kb-card\">\n\t\t\t\t\t<div class=\"kb-card-header\">\n\t\t\t\t\t\t<div class=\"kb-card-icon\"><svg xmlns=\"[http:\/\/www.w3.org\/2000\/svg](http:\/\/www.w3.org\/2000\/svg)\" fill=\"none\" viewBox=\"0 0 24 24\" stroke=\"currentColor\"><path stroke-linecap=\"round\" stroke-linejoin=\"round\" stroke-width=\"2\" d=\"M3 7v10a2 2 0 002 2h14a2 2 0 002-2V9a2 2 0 00-2-2h-6l-2-2H5a2 2 0 00-2 2z\" \/><\/svg><\/div>\n\t\t\t\t\t\t<h3>Discr\u00e9tion, paiement et livraison<\/h3>\n\t\t\t\t\t<\/div>\n\t\t\t\t\t<div class=\"kb-card-desc\"><p>Tu gardes le contr\u00f4le de la confidentialit\u00e9 et de la livraison. Nous t&#039;expliquons ce que tu vois sur la bo\u00eete, comment fonctionnent la livraison et le suivi et quels sont les choix qui s&#039;offrent \u00e0 toi au moment de payer.<\/p><\/div>\n\t\t\t\t\t\t\t\t\t\t\t<ul class=\"kb-link-list\">\n\t\t\t\t\t\t\t\t\t\t\t\t\t\t\t<li class=\"\"><a href=\"https:\/\/doll.shop\/fr\/kennisbank\/delais-de-livraison-et-livraison\/\">D\u00e9lais de livraison et livraison<\/a><\/li>\n\t\t\t\t\t\t\t\t\t\t\t\t\t\t\t<li class=\"\"><a href=\"https:\/\/doll.shop\/fr\/kennisbank\/emballage-discret\/\">Emballage discret<\/a><\/li>\n\t\t\t\t\t\t\t\t\t\t\t\t\t\t\t<li class=\"\"><a href=\"https:\/\/doll.shop\/fr\/kennisbank\/douanes-tva-et-pas-de-surprises-apres\/\">Douanes, TVA et pas de surprises apr\u00e8s<\/a><\/li>\n\t\t\t\t\t\t\t\t\t\t\t\t\t\t\t<li class=\"\"><a href=\"https:\/\/doll.shop\/fr\/kennisbank\/paiement-discret-et-securise\/\">Paiement discret et s\u00e9curis\u00e9<\/a><\/li>\n\t\t\t\t\t\t\t\t\t\t\t\t\t\t\t<li class=\"\"><a href=\"https:\/\/doll.shop\/fr\/kennisbank\/livraison-de-modeles-personnalises\/\">Livraison de mod\u00e8les personnalis\u00e9s<\/a><\/li>\n\t\t\t\t\t\t\t\t\t\t\t\t\t\t\t<li class=\"kb-hidden-item\"><a href=\"https:\/\/doll.shop\/fr\/kennisbank\/confidentialite-avant-pendant-et-apres-la-commande\/\">Confidentialit\u00e9 avant, pendant et apr\u00e8s la commande<\/a><\/li>\n\t\t\t\t\t\t\t\t\t\t\t\t\t<\/ul>\n\t\t\t\t\t\t\t\t\t\t\t\t\t<button class=\"kb-show-more-btn\" data-text=\"Afficher les 6 articles\">\n\t\t\t\t\t\t\t\tAfficher les 6 articles\t\t\t\t\t\t\t<\/button>\n\t\t\t\t\t\t\t\t\t\t\t\t\t\t\t<\/div>\n\t\t\t\t\t\t\t\t<div class=\"kb-card\">\n\t\t\t\t\t<div class=\"kb-card-header\">\n\t\t\t\t\t\t<div class=\"kb-card-icon\"><svg xmlns=\"[http:\/\/www.w3.org\/2000\/svg](http:\/\/www.w3.org\/2000\/svg)\" fill=\"none\" viewBox=\"0 0 24 24\" stroke=\"currentColor\"><path stroke-linecap=\"round\" stroke-linejoin=\"round\" stroke-width=\"2\" d=\"M3 7v10a2 2 0 002 2h14a2 2 0 002-2V9a2 2 0 00-2-2h-6l-2-2H5a2 2 0 00-2 2z\" \/><\/svg><\/div>\n\t\t\t\t\t\t<h3>Manuel<\/h3>\n\t\t\t\t\t<\/div>\n\t\t\t\t\t<div class=\"kb-card-desc\"><p>Un bon entretien prolonge la dur\u00e9e de vie et permet de garder tout frais et beau. Tu obtiens des \u00e9tapes claires pour le nettoyage, le s\u00e9chage, le rangement et le traitement des taches.<\/p><\/div>\n\t\t\t\t\t\t\t\t\t\t\t<ul class=\"kb-link-list\">\n\t\t\t\t\t\t\t\t\t\t\t\t\t\t\t<li class=\"\"><a href=\"https:\/\/doll.shop\/fr\/kennisbank\/deballer-et-installer-pour-la-premiere-fois\/\">D\u00e9baller et installer pour la premi\u00e8re fois<\/a><\/li>\n\t\t\t\t\t\t\t\t\t\t\t\t\t\t\t<li class=\"\"><a href=\"https:\/\/doll.shop\/fr\/kennisbank\/entretien-et-nettoyage-dune-poupee-sexuelle\/\">Entretien et nettoyage d&rsquo;une poup\u00e9e sexuelle<\/a><\/li>\n\t\t\t\t\t\t\t\t\t\t\t\t\t\t\t<li class=\"\"><a href=\"https:\/\/doll.shop\/fr\/kennisbank\/traiter-les-taches-et-les-decolorations\/\">Traiter les taches et les d\u00e9colorations<\/a><\/li>\n\t\t\t\t\t\t\t\t\t\t\t\t\t<\/ul>\n\t\t\t\t\t\t\t\t\t\t\t\t\t\t\t<\/div>\n\t\t\t\t\t\t\t<\/div>\n\t\t<\/div>\n\t<\/div>\n\t<\/code><\/p>\n","protected":false},"excerpt":{"rendered":"","protected":false},"author":1,"featured_media":0,"parent":0,"menu_order":0,"comment_status":"closed","ping_status":"closed","template":"","meta":{"footnotes":""},"class_list":["post-951456","page","type-page","status-publish","hentry"],"_links":{"self":[{"href":"https:\/\/doll.shop\/fr\/wp-json\/wp\/v2\/pages\/951456","targetHints":{"allow":["GET"]}}],"collection":[{"href":"https:\/\/doll.shop\/fr\/wp-json\/wp\/v2\/pages"}],"about":[{"href":"https:\/\/doll.shop\/fr\/wp-json\/wp\/v2\/types\/page"}],"author":[{"embeddable":true,"href":"https:\/\/doll.shop\/fr\/wp-json\/wp\/v2\/users\/1"}],"replies":[{"embeddable":true,"href":"https:\/\/doll.shop\/fr\/wp-json\/wp\/v2\/comments?post=951456"}],"version-history":[{"count":1,"href":"https:\/\/doll.shop\/fr\/wp-json\/wp\/v2\/pages\/951456\/revisions"}],"predecessor-version":[{"id":951457,"href":"https:\/\/doll.shop\/fr\/wp-json\/wp\/v2\/pages\/951456\/revisions\/951457"}],"wp:attachment":[{"href":"https:\/\/doll.shop\/fr\/wp-json\/wp\/v2\/media?parent=951456"}],"curies":[{"name":"wp","href":"https:\/\/api.w.org\/{rel}","templated":true}]}}