{"id":947923,"date":"2025-09-16T09:09:35","date_gmt":"2025-09-16T07:09:35","guid":{"rendered":"https:\/\/doll.shop\/produkt\/firedoll-camila-156-cm\/"},"modified":"2026-04-26T13:34:50","modified_gmt":"2026-04-26T11:34:50","slug":"firedoll-camila-156-cm","status":"publish","type":"product","link":"https:\/\/doll.shop\/es\/productos\/firedoll-camila-156-cm\/","title":{"rendered":"Firedoll Camila | 156 cm"},"content":{"rendered":"","protected":false},"excerpt":{"rendered":"<p>Camila es una belleza brasile\u00f1a de 156 cm con una copa D natural y una mirada juguetona. Su suave piel de TPE tiene un tacto realista, mientras que el esqueleto met\u00e1lico garantiza movimientos suaves y estables. Con tres aberturas realistas, Camila ofrece una experiencia vers\u00e1til e intensa que no olvidar\u00e1s.  <\/p>\n","protected":false},"featured_media":947315,"comment_status":"open","ping_status":"closed","template":"","meta":[],"product_brand":[],"product_cat":[1017],"product_tag":[],"class_list":{"0":"post-947923","1":"product","2":"type-product","3":"status-publish","4":"has-post-thumbnail","6":"product_cat-firedoll-es","8":"first","9":"instock","10":"sale","11":"taxable","12":"shipping-taxable","13":"purchasable","14":"product-type-simple"},"_links":{"self":[{"href":"https:\/\/doll.shop\/es\/wp-json\/wp\/v2\/product\/947923","targetHints":{"allow":["GET"]}}],"collection":[{"href":"https:\/\/doll.shop\/es\/wp-json\/wp\/v2\/product"}],"about":[{"href":"https:\/\/doll.shop\/es\/wp-json\/wp\/v2\/types\/product"}],"replies":[{"embeddable":true,"href":"https:\/\/doll.shop\/es\/wp-json\/wp\/v2\/comments?post=947923"}],"wp:featuredmedia":[{"embeddable":true,"href":"https:\/\/doll.shop\/es\/wp-json\/wp\/v2\/media\/947315"}],"wp:attachment":[{"href":"https:\/\/doll.shop\/es\/wp-json\/wp\/v2\/media?parent=947923"}],"wp:term":[{"taxonomy":"product_brand","embeddable":true,"href":"https:\/\/doll.shop\/es\/wp-json\/wp\/v2\/product_brand?post=947923"},{"taxonomy":"product_cat","embeddable":true,"href":"https:\/\/doll.shop\/es\/wp-json\/wp\/v2\/product_cat?post=947923"},{"taxonomy":"product_tag","embeddable":true,"href":"https:\/\/doll.shop\/es\/wp-json\/wp\/v2\/product_tag?post=947923"}],"curies":[{"name":"wp","href":"https:\/\/api.w.org\/{rel}","templated":true}]}}