{"id":947296,"date":"2025-09-11T16:13:17","date_gmt":"2025-09-11T14:13:17","guid":{"rendered":"https:\/\/doll.shop\/?post_type=product&p=947296"},"modified":"2026-03-10T22:55:02","modified_gmt":"2026-03-10T21:55:02","slug":"dutchdoll-set-de-cuidado-completo","status":"publish","type":"product","link":"https:\/\/doll.shop\/es\/productos\/dutchdoll-set-de-cuidado-completo\/","title":{"rendered":"DutchDoll Set de cuidado completo"},"content":{"rendered":"","protected":false},"excerpt":{"rendered":"<p><span data-teams=\"true\"><strong>El Lubricante de Base Acuosa DutchDoll, el Polvo de Mantenimiento<\/strong> y el <strong>Lavado \u00cdntimo<\/strong> funcionan como una sencilla rutina de cuidado. Empieza con el lubricante de base acuosa. Es transparente, tiene un tacto ligero y natural, y es seguro para TPE y silicona. Tambi\u00e9n es adecuado con preservativos de l\u00e1tex, para que puedas disfrutar sin complicaciones. Despu\u00e9s de usarlo, l\u00edmpialo con el Jab\u00f3n \u00cdntimo sin jab\u00f3n. Suave para las partes m\u00e1s \u00edntimas, limpia a fondo y es respetuoso con el material. A continuaci\u00f3n, deja que todo se seque bien y espolvorea el Polvo de Mantenimiento. El polvo absorbe la humedad residual, evita que se pegue y mantiene la piel de tu mu\u00f1eca o masturbador sedosa y suave de nuevo. Listo para la pr\u00f3xima sesi\u00f3n.        <\/span><\/p>\n","protected":false},"featured_media":948414,"comment_status":"open","ping_status":"closed","template":"","meta":[],"product_brand":[],"product_cat":[1036],"product_tag":[],"class_list":{"0":"post-947296","1":"product","2":"type-product","3":"status-publish","4":"has-post-thumbnail","6":"product_cat-accesorios-para-tu-muneca-sexual","7":"product_shipping_class-pequeno","9":"first","10":"instock","11":"sale","12":"taxable","13":"shipping-taxable","14":"purchasable","15":"product-type-simple"},"_links":{"self":[{"href":"https:\/\/doll.shop\/es\/wp-json\/wp\/v2\/product\/947296","targetHints":{"allow":["GET"]}}],"collection":[{"href":"https:\/\/doll.shop\/es\/wp-json\/wp\/v2\/product"}],"about":[{"href":"https:\/\/doll.shop\/es\/wp-json\/wp\/v2\/types\/product"}],"replies":[{"embeddable":true,"href":"https:\/\/doll.shop\/es\/wp-json\/wp\/v2\/comments?post=947296"}],"wp:featuredmedia":[{"embeddable":true,"href":"https:\/\/doll.shop\/es\/wp-json\/wp\/v2\/media\/948414"}],"wp:attachment":[{"href":"https:\/\/doll.shop\/es\/wp-json\/wp\/v2\/media?parent=947296"}],"wp:term":[{"taxonomy":"product_brand","embeddable":true,"href":"https:\/\/doll.shop\/es\/wp-json\/wp\/v2\/product_brand?post=947296"},{"taxonomy":"product_cat","embeddable":true,"href":"https:\/\/doll.shop\/es\/wp-json\/wp\/v2\/product_cat?post=947296"},{"taxonomy":"product_tag","embeddable":true,"href":"https:\/\/doll.shop\/es\/wp-json\/wp\/v2\/product_tag?post=947296"}],"curies":[{"name":"wp","href":"https:\/\/api.w.org\/{rel}","templated":true}]}}