{"id":942634,"date":"2024-08-29T14:16:20","date_gmt":"2024-08-29T12:16:20","guid":{"rendered":"https:\/\/doll.shop\/produkt\/dutchdoll-rosie-161-cm\/"},"modified":"2026-04-16T08:06:57","modified_gmt":"2026-04-16T06:06:57","slug":"dutchdoll-rosie-161-cm","status":"publish","type":"product","link":"https:\/\/doll.shop\/es\/productos\/dutchdoll-rosie-161-cm\/","title":{"rendered":"DutchDoll Rosie | 161 cm"},"content":{"rendered":"","protected":false},"excerpt":{"rendered":"<p>Rosie es una impresionante mu\u00f1eca er\u00f3tica de 161 cm que te cautivar\u00e1 al instante con sus radiantes ojos azules y su precioso pelo rosa. Esta extraordinaria mu\u00f1eca de la renombrada marca DutchDoll est\u00e1 dise\u00f1ada con atenci\u00f3n al detalle, y las elegantes curvas de Rosie y su excepcional realismo hacen que disfrutes de una experiencia sin igual. Cada detalle ha sido cuidadosamente elaborado para ofrecer un equilibrio perfecto de belleza y sensualidad. DutchDoll es conocida por sus productos aut\u00e9nticos y de alta calidad, y Rosie es un brillante ejemplo de ello. D\u00e9jate seducir por su irresistible atractivo y experimenta por ti mismo la calidad superior por la que DutchDoll es conocida.     <\/p>\n","protected":false},"featured_media":939984,"comment_status":"open","ping_status":"closed","template":"","meta":[],"product_brand":[],"product_cat":[983,1042],"product_tag":[],"class_list":{"0":"post-942634","1":"product","2":"type-product","3":"status-publish","4":"has-post-thumbnail","6":"product_cat-munecas-sexuales","7":"product_cat-dutchdoll-es","8":"pa_brand-dutchdoll-es","10":"first","11":"instock","12":"taxable","13":"shipping-taxable","14":"purchasable","15":"product-type-simple"},"_links":{"self":[{"href":"https:\/\/doll.shop\/es\/wp-json\/wp\/v2\/product\/942634","targetHints":{"allow":["GET"]}}],"collection":[{"href":"https:\/\/doll.shop\/es\/wp-json\/wp\/v2\/product"}],"about":[{"href":"https:\/\/doll.shop\/es\/wp-json\/wp\/v2\/types\/product"}],"replies":[{"embeddable":true,"href":"https:\/\/doll.shop\/es\/wp-json\/wp\/v2\/comments?post=942634"}],"wp:featuredmedia":[{"embeddable":true,"href":"https:\/\/doll.shop\/es\/wp-json\/wp\/v2\/media\/939984"}],"wp:attachment":[{"href":"https:\/\/doll.shop\/es\/wp-json\/wp\/v2\/media?parent=942634"}],"wp:term":[{"taxonomy":"product_brand","embeddable":true,"href":"https:\/\/doll.shop\/es\/wp-json\/wp\/v2\/product_brand?post=942634"},{"taxonomy":"product_cat","embeddable":true,"href":"https:\/\/doll.shop\/es\/wp-json\/wp\/v2\/product_cat?post=942634"},{"taxonomy":"product_tag","embeddable":true,"href":"https:\/\/doll.shop\/es\/wp-json\/wp\/v2\/product_tag?post=942634"}],"curies":[{"name":"wp","href":"https:\/\/api.w.org\/{rel}","templated":true}]}}