{"id":942623,"date":"2024-08-29T14:49:49","date_gmt":"2024-08-29T12:49:49","guid":{"rendered":"https:\/\/doll.shop\/produkt\/dutchdoll-jade-158-cm\/"},"modified":"2026-04-20T14:37:21","modified_gmt":"2026-04-20T12:37:21","slug":"dutchdoll-jade-158-cm","status":"publish","type":"product","link":"https:\/\/doll.shop\/es\/productos\/dutchdoll-jade-158-cm\/","title":{"rendered":"DutchDoll Jade | 158 cm"},"content":{"rendered":"","protected":false},"excerpt":{"rendered":"<p>DutchDoll Jade es una mu\u00f1eca sexual realista de 158 cm con pelo rubio claro y ojos verdes. Tiene una piel suave como la seda, unos pechos perfectamente modelados y lujosas opciones como un esqueleto de mano, piel suave, evo-esqueleto y mand\u00edbula m\u00f3vil para una experiencia realista. Con su peso ligero de menos de 30 kg, es f\u00e1cil de desplazar. Jade combina una est\u00e9tica sofisticada con la facilidad de uso para una experiencia inolvidable<\/p>\n","protected":false},"featured_media":940392,"comment_status":"open","ping_status":"closed","template":"","meta":[],"product_brand":[],"product_cat":[983,1042],"product_tag":[],"class_list":{"0":"post-942623","1":"product","2":"type-product","3":"status-publish","4":"has-post-thumbnail","6":"product_cat-munecas-sexuales","7":"product_cat-dutchdoll-es","8":"pa_brand-dutchdoll-es","10":"first","11":"instock","12":"taxable","13":"shipping-taxable","14":"purchasable","15":"product-type-simple"},"_links":{"self":[{"href":"https:\/\/doll.shop\/es\/wp-json\/wp\/v2\/product\/942623","targetHints":{"allow":["GET"]}}],"collection":[{"href":"https:\/\/doll.shop\/es\/wp-json\/wp\/v2\/product"}],"about":[{"href":"https:\/\/doll.shop\/es\/wp-json\/wp\/v2\/types\/product"}],"replies":[{"embeddable":true,"href":"https:\/\/doll.shop\/es\/wp-json\/wp\/v2\/comments?post=942623"}],"wp:featuredmedia":[{"embeddable":true,"href":"https:\/\/doll.shop\/es\/wp-json\/wp\/v2\/media\/940392"}],"wp:attachment":[{"href":"https:\/\/doll.shop\/es\/wp-json\/wp\/v2\/media?parent=942623"}],"wp:term":[{"taxonomy":"product_brand","embeddable":true,"href":"https:\/\/doll.shop\/es\/wp-json\/wp\/v2\/product_brand?post=942623"},{"taxonomy":"product_cat","embeddable":true,"href":"https:\/\/doll.shop\/es\/wp-json\/wp\/v2\/product_cat?post=942623"},{"taxonomy":"product_tag","embeddable":true,"href":"https:\/\/doll.shop\/es\/wp-json\/wp\/v2\/product_tag?post=942623"}],"curies":[{"name":"wp","href":"https:\/\/api.w.org\/{rel}","templated":true}]}}