{"id":942619,"date":"2024-08-29T14:53:42","date_gmt":"2024-08-29T12:53:42","guid":{"rendered":"https:\/\/doll.shop\/produkt\/dutchdoll-lilly-158-cm\/"},"modified":"2026-04-22T01:49:37","modified_gmt":"2026-04-21T23:49:37","slug":"dutchdoll-lilly-158-cm","status":"publish","type":"product","link":"https:\/\/doll.shop\/es\/productos\/dutchdoll-lilly-158-cm\/","title":{"rendered":"DutchDoll Lilly | 158 cm"},"content":{"rendered":"","protected":false},"excerpt":{"rendered":"<p>Lilly es una hermosa y realista rubia de 158 cm con un tama\u00f1o de copa medio, dise\u00f1ada para proporcionar una experiencia irresistible. Est\u00e1 equipada con opciones de lujo, como un esqueleto de manos, que te permite colocar sus manos en cualquier posici\u00f3n, y tecnolog\u00eda de piel suave para una sensaci\u00f3n realista. El evoesqueleto garantiza movimientos flexibles y naturales, mientras que la mand\u00edbula m\u00f3vil ofrece un placer oral adicional. Con un peso inferior a 30 kg, Lilly tambi\u00e9n es muy manejable y f\u00e1cil de trasladar. Lo que hace que Lilly sea muy especial es que DutchDoll utiliza materiales y tecnolog\u00edas de alta calidad. La marca es conocida por su compromiso con la artesan\u00eda y la innovaci\u00f3n, lo que da como resultado productos que no s\u00f3lo son realistas y funcionales, sino tambi\u00e9n de la m\u00e1xima calidad. Lilly es una elecci\u00f3n excelente para quienes buscan una mu\u00f1eca de primera calidad.   <\/p>\n","protected":false},"featured_media":940777,"comment_status":"open","ping_status":"closed","template":"","meta":[],"product_brand":[],"product_cat":[983,1042],"product_tag":[],"class_list":{"0":"post-942619","1":"product","2":"type-product","3":"status-publish","4":"has-post-thumbnail","6":"product_cat-munecas-sexuales","7":"product_cat-dutchdoll-es","8":"pa_brand-dutchdoll-es","10":"first","11":"instock","12":"taxable","13":"shipping-taxable","14":"purchasable","15":"product-type-simple"},"_links":{"self":[{"href":"https:\/\/doll.shop\/es\/wp-json\/wp\/v2\/product\/942619","targetHints":{"allow":["GET"]}}],"collection":[{"href":"https:\/\/doll.shop\/es\/wp-json\/wp\/v2\/product"}],"about":[{"href":"https:\/\/doll.shop\/es\/wp-json\/wp\/v2\/types\/product"}],"replies":[{"embeddable":true,"href":"https:\/\/doll.shop\/es\/wp-json\/wp\/v2\/comments?post=942619"}],"wp:featuredmedia":[{"embeddable":true,"href":"https:\/\/doll.shop\/es\/wp-json\/wp\/v2\/media\/940777"}],"wp:attachment":[{"href":"https:\/\/doll.shop\/es\/wp-json\/wp\/v2\/media?parent=942619"}],"wp:term":[{"taxonomy":"product_brand","embeddable":true,"href":"https:\/\/doll.shop\/es\/wp-json\/wp\/v2\/product_brand?post=942619"},{"taxonomy":"product_cat","embeddable":true,"href":"https:\/\/doll.shop\/es\/wp-json\/wp\/v2\/product_cat?post=942619"},{"taxonomy":"product_tag","embeddable":true,"href":"https:\/\/doll.shop\/es\/wp-json\/wp\/v2\/product_tag?post=942619"}],"curies":[{"name":"wp","href":"https:\/\/api.w.org\/{rel}","templated":true}]}}