{"id":942610,"date":"2024-08-29T14:55:24","date_gmt":"2024-08-29T12:55:24","guid":{"rendered":"https:\/\/doll.shop\/produkt\/dutchdoll-layla-158-cm\/"},"modified":"2026-04-22T02:06:49","modified_gmt":"2026-04-22T00:06:49","slug":"dutchdoll-layla-158-cm","status":"publish","type":"product","link":"https:\/\/doll.shop\/es\/productos\/dutchdoll-layla-158-cm\/","title":{"rendered":"DutchDoll Layla | 158 cm"},"content":{"rendered":"","protected":false},"excerpt":{"rendered":"<p>DutchDoll Layla es una mu\u00f1eca sexual realista de 158 cm dise\u00f1ada para ofrecer belleza y funcionalidad. Con unos preciosos ojos verdes y una hermosa melena oscura, esta irresistible morena presenta un tama\u00f1o de copa medio y lujosas opciones como un esqueleto de mano y tecnolog\u00eda de piel suave para un tacto realista. El avanzado evo-esqueleto garantiza movimientos suaves, mientras que la mand\u00edbula m\u00f3vil a\u00f1ade un realismo extra. Con un peso inferior a 30 kg, Layla tambi\u00e9n es f\u00e1cil de manejar, sin sacrificar la experiencia realista. DutchDoll es conocida por su excelente artesan\u00eda y su compromiso con la calidad, que se traduce en el dise\u00f1o de Layla en una armoniosa combinaci\u00f3n de gran realismo y funcionalidad avanzada.<\/p>\n","protected":false},"featured_media":950189,"comment_status":"open","ping_status":"closed","template":"","meta":[],"product_brand":[],"product_cat":[983,1042],"product_tag":[],"class_list":{"0":"post-942610","1":"product","2":"type-product","3":"status-publish","4":"has-post-thumbnail","6":"product_cat-munecas-sexuales","7":"product_cat-dutchdoll-es","8":"pa_brand-dutchdoll-es","10":"first","11":"instock","12":"featured","13":"taxable","14":"shipping-taxable","15":"purchasable","16":"product-type-simple"},"_links":{"self":[{"href":"https:\/\/doll.shop\/es\/wp-json\/wp\/v2\/product\/942610","targetHints":{"allow":["GET"]}}],"collection":[{"href":"https:\/\/doll.shop\/es\/wp-json\/wp\/v2\/product"}],"about":[{"href":"https:\/\/doll.shop\/es\/wp-json\/wp\/v2\/types\/product"}],"replies":[{"embeddable":true,"href":"https:\/\/doll.shop\/es\/wp-json\/wp\/v2\/comments?post=942610"}],"wp:featuredmedia":[{"embeddable":true,"href":"https:\/\/doll.shop\/es\/wp-json\/wp\/v2\/media\/950189"}],"wp:attachment":[{"href":"https:\/\/doll.shop\/es\/wp-json\/wp\/v2\/media?parent=942610"}],"wp:term":[{"taxonomy":"product_brand","embeddable":true,"href":"https:\/\/doll.shop\/es\/wp-json\/wp\/v2\/product_brand?post=942610"},{"taxonomy":"product_cat","embeddable":true,"href":"https:\/\/doll.shop\/es\/wp-json\/wp\/v2\/product_cat?post=942610"},{"taxonomy":"product_tag","embeddable":true,"href":"https:\/\/doll.shop\/es\/wp-json\/wp\/v2\/product_tag?post=942610"}],"curies":[{"name":"wp","href":"https:\/\/api.w.org\/{rel}","templated":true}]}}