{"id":942607,"date":"2024-09-17T09:09:34","date_gmt":"2024-09-17T07:09:34","guid":{"rendered":"https:\/\/doll.shop\/produkt\/dutchdoll-sophie-158-cm\/"},"modified":"2026-04-24T01:47:53","modified_gmt":"2026-04-23T23:47:53","slug":"dutchdoll-sophie-158-cm","status":"publish","type":"product","link":"https:\/\/doll.shop\/es\/productos\/dutchdoll-sophie-158-cm\/","title":{"rendered":"DutchDoll Sophie | 158 cm"},"content":{"rendered":"","protected":false},"excerpt":{"rendered":"<p>Te presentamos a Sophie, una sofisticada y provocativa belleza de 158 cm, que forma parte de la exclusiva colecci\u00f3n DutchDoll. Con su esbelta figura, sus hipnotizadores ojos azules y su larga melena rubia, irradia puro encanto. Sophie est\u00e1 equipada con las \u00faltimas opciones premium, incluido un esqueleto EVO+ para un movimiento suave y flexible y un esqueleto de mano para un tacto realista. Su piel es extremadamente natural, gracias a la avanzada tecnolog\u00eda de DutchDoll. Lo m\u00e1s destacado es su rostro realista, con mand\u00edbula m\u00f3vil, para una experiencia intensamente realista durante las actividades orales. Sophie es la combinaci\u00f3n perfecta de belleza y tecnolog\u00eda, dise\u00f1ada para el m\u00e1ximo placer.<\/p>\n","protected":false},"featured_media":941207,"comment_status":"open","ping_status":"closed","template":"","meta":[],"product_brand":[],"product_cat":[983,1042],"product_tag":[],"class_list":{"0":"post-942607","1":"product","2":"type-product","3":"status-publish","4":"has-post-thumbnail","6":"product_cat-munecas-sexuales","7":"product_cat-dutchdoll-es","8":"pa_brand-dutchdoll-es","10":"first","11":"instock","12":"taxable","13":"shipping-taxable","14":"purchasable","15":"product-type-simple"},"_links":{"self":[{"href":"https:\/\/doll.shop\/es\/wp-json\/wp\/v2\/product\/942607","targetHints":{"allow":["GET"]}}],"collection":[{"href":"https:\/\/doll.shop\/es\/wp-json\/wp\/v2\/product"}],"about":[{"href":"https:\/\/doll.shop\/es\/wp-json\/wp\/v2\/types\/product"}],"replies":[{"embeddable":true,"href":"https:\/\/doll.shop\/es\/wp-json\/wp\/v2\/comments?post=942607"}],"wp:featuredmedia":[{"embeddable":true,"href":"https:\/\/doll.shop\/es\/wp-json\/wp\/v2\/media\/941207"}],"wp:attachment":[{"href":"https:\/\/doll.shop\/es\/wp-json\/wp\/v2\/media?parent=942607"}],"wp:term":[{"taxonomy":"product_brand","embeddable":true,"href":"https:\/\/doll.shop\/es\/wp-json\/wp\/v2\/product_brand?post=942607"},{"taxonomy":"product_cat","embeddable":true,"href":"https:\/\/doll.shop\/es\/wp-json\/wp\/v2\/product_cat?post=942607"},{"taxonomy":"product_tag","embeddable":true,"href":"https:\/\/doll.shop\/es\/wp-json\/wp\/v2\/product_tag?post=942607"}],"curies":[{"name":"wp","href":"https:\/\/api.w.org\/{rel}","templated":true}]}}