{"id":942606,"date":"2024-09-17T09:12:55","date_gmt":"2024-09-17T07:12:55","guid":{"rendered":"https:\/\/doll.shop\/produkt\/dutchdoll-isabella-158-cm\/"},"modified":"2026-04-15T12:07:29","modified_gmt":"2026-04-15T10:07:29","slug":"dutchdoll-isabella-158-cm","status":"publish","type":"product","link":"https:\/\/doll.shop\/es\/productos\/dutchdoll-isabella-158-cm\/","title":{"rendered":"DutchDoll Isabella | 158 cm"},"content":{"rendered":"","protected":false},"excerpt":{"rendered":"<p>Te presento a Isabella, una esbelta belleza de 158 cm con una mirada dulce y atractiva.<br \/>\nSus hipnotizadores ojos azules y su larga melena casta\u00f1a le confieren un encanto irresistible.<br \/>\nIsabella es una DutchDoll premium, equipada con opciones de lujo para una experiencia realista definitiva.<br \/>\nEl esqueleto EVO+ proporciona un movimiento natural, mientras que su piel realista es suave y refinada.<br \/>\nGracias a su esqueleto manual y a su rostro detallado y expresivo, dotado de mand\u00edbula m\u00f3vil, Isabella ofrece un nivel de realismo sin igual, incluso durante las actividades orales.<br \/>\nA\u00f1ade esta mu\u00f1eca elegante y de gran calidad a tu colecci\u00f3n y descubre la perfecci\u00f3n DutchDoll.     <\/p>\n","protected":false},"featured_media":941335,"comment_status":"open","ping_status":"closed","template":"","meta":[],"product_brand":[],"product_cat":[983,1042],"product_tag":[],"class_list":{"0":"post-942606","1":"product","2":"type-product","3":"status-publish","4":"has-post-thumbnail","6":"product_cat-munecas-sexuales","7":"product_cat-dutchdoll-es","8":"pa_brand-dutchdoll-es","10":"first","11":"instock","12":"taxable","13":"shipping-taxable","14":"purchasable","15":"product-type-simple"},"_links":{"self":[{"href":"https:\/\/doll.shop\/es\/wp-json\/wp\/v2\/product\/942606","targetHints":{"allow":["GET"]}}],"collection":[{"href":"https:\/\/doll.shop\/es\/wp-json\/wp\/v2\/product"}],"about":[{"href":"https:\/\/doll.shop\/es\/wp-json\/wp\/v2\/types\/product"}],"replies":[{"embeddable":true,"href":"https:\/\/doll.shop\/es\/wp-json\/wp\/v2\/comments?post=942606"}],"wp:featuredmedia":[{"embeddable":true,"href":"https:\/\/doll.shop\/es\/wp-json\/wp\/v2\/media\/941335"}],"wp:attachment":[{"href":"https:\/\/doll.shop\/es\/wp-json\/wp\/v2\/media?parent=942606"}],"wp:term":[{"taxonomy":"product_brand","embeddable":true,"href":"https:\/\/doll.shop\/es\/wp-json\/wp\/v2\/product_brand?post=942606"},{"taxonomy":"product_cat","embeddable":true,"href":"https:\/\/doll.shop\/es\/wp-json\/wp\/v2\/product_cat?post=942606"},{"taxonomy":"product_tag","embeddable":true,"href":"https:\/\/doll.shop\/es\/wp-json\/wp\/v2\/product_tag?post=942606"}],"curies":[{"name":"wp","href":"https:\/\/api.w.org\/{rel}","templated":true}]}}