{"id":36658,"date":"2024-02-08T11:20:48","date_gmt":"2024-02-08T10:20:48","guid":{"rendered":"https:\/\/doll.shop\/produkt\/dutchdoll-sofia-77-cm\/"},"modified":"2026-04-20T21:17:46","modified_gmt":"2026-04-20T19:17:46","slug":"dutchdoll-sofia-77-cm","status":"publish","type":"product","link":"https:\/\/doll.shop\/es\/productos\/dutchdoll-sofia-77-cm\/","title":{"rendered":"DutchDoll Sofia | 77 cm"},"content":{"rendered":"","protected":false},"excerpt":{"rendered":"<p style=\"font-weight: 400;\">DutchDoll Sofia es un torso de mu\u00f1eca sexual compacta de 77 cm, con un precioso pelo oscuro y unos provocativos ojos azules brillantes. El torso de una mu\u00f1eca sexual no tiene brazos ni piernas, por lo que pesa menos que una mu\u00f1eca sexual completa y es m\u00e1s f\u00e1cil de manejar. Sof\u00eda es una mu\u00f1eca sexual de primera calidad, como todos los modelos DutchDoll. Como resultado, experimentar\u00e1s la sensaci\u00f3n y el placer de una mujer real.<\/p>\n","protected":false},"featured_media":36659,"comment_status":"open","ping_status":"closed","template":"","meta":[],"product_brand":[],"product_cat":[1056],"product_tag":[],"class_list":{"0":"post-36658","1":"product","2":"type-product","3":"status-publish","4":"has-post-thumbnail","6":"product_cat-masturbadores","7":"pa_brand-dutchdoll-es","9":"first","10":"instock","11":"taxable","12":"shipping-taxable","13":"purchasable","14":"product-type-simple"},"_links":{"self":[{"href":"https:\/\/doll.shop\/es\/wp-json\/wp\/v2\/product\/36658","targetHints":{"allow":["GET"]}}],"collection":[{"href":"https:\/\/doll.shop\/es\/wp-json\/wp\/v2\/product"}],"about":[{"href":"https:\/\/doll.shop\/es\/wp-json\/wp\/v2\/types\/product"}],"replies":[{"embeddable":true,"href":"https:\/\/doll.shop\/es\/wp-json\/wp\/v2\/comments?post=36658"}],"wp:featuredmedia":[{"embeddable":true,"href":"https:\/\/doll.shop\/es\/wp-json\/wp\/v2\/media\/36659"}],"wp:attachment":[{"href":"https:\/\/doll.shop\/es\/wp-json\/wp\/v2\/media?parent=36658"}],"wp:term":[{"taxonomy":"product_brand","embeddable":true,"href":"https:\/\/doll.shop\/es\/wp-json\/wp\/v2\/product_brand?post=36658"},{"taxonomy":"product_cat","embeddable":true,"href":"https:\/\/doll.shop\/es\/wp-json\/wp\/v2\/product_cat?post=36658"},{"taxonomy":"product_tag","embeddable":true,"href":"https:\/\/doll.shop\/es\/wp-json\/wp\/v2\/product_tag?post=36658"}],"curies":[{"name":"wp","href":"https:\/\/api.w.org\/{rel}","templated":true}]}}