{"id":36601,"date":"2024-02-26T15:11:18","date_gmt":"2024-02-26T14:11:18","guid":{"rendered":"https:\/\/doll.shop\/produkt\/muneca-wm-marie-claire-156-cm\/"},"modified":"2026-03-11T04:19:00","modified_gmt":"2026-03-11T03:19:00","slug":"muneca-wm-marie-claire-156-cm","status":"publish","type":"product","link":"https:\/\/doll.shop\/es\/productos\/muneca-wm-marie-claire-156-cm\/","title":{"rendered":"Mu\u00f1eca WM Marie-Claire | 156 cm"},"content":{"rendered":"","protected":false},"excerpt":{"rendered":"<p>Esta es Marie-Claire de WM Doll, una seductora morena de 156 cm con hermosas curvas. Sus amplias caderas, sus muslos firmes, sus nalgas redondas y sus grandes pechos invitan a caricias sensuales. Hecha de elast\u00f3mero termopl\u00e1stico (TPE) deliciosamente suave, Marie-Claire parece de verdad. Con un fuerte esqueleto de primera calidad, es m\u00f3vil de la cabeza a los pies y puede sentarse, acostarse y levantarse. \u00bfQu\u00e9 esperas? \u00a1Experimenta el lujo intenso de Marie-Claire!<\/p>\n","protected":false},"featured_media":36602,"comment_status":"open","ping_status":"closed","template":"","meta":[],"product_brand":[],"product_cat":[983,984],"product_tag":[],"class_list":{"0":"post-36601","1":"product","2":"type-product","3":"status-publish","4":"has-post-thumbnail","6":"product_cat-munecas-sexuales","7":"product_cat-wmdoll-es","8":"pa_brand-muneca-wm-es-es","10":"first","11":"onbackorder","12":"taxable","13":"shipping-taxable","14":"purchasable","15":"product-type-simple"},"_links":{"self":[{"href":"https:\/\/doll.shop\/es\/wp-json\/wp\/v2\/product\/36601","targetHints":{"allow":["GET"]}}],"collection":[{"href":"https:\/\/doll.shop\/es\/wp-json\/wp\/v2\/product"}],"about":[{"href":"https:\/\/doll.shop\/es\/wp-json\/wp\/v2\/types\/product"}],"replies":[{"embeddable":true,"href":"https:\/\/doll.shop\/es\/wp-json\/wp\/v2\/comments?post=36601"}],"wp:featuredmedia":[{"embeddable":true,"href":"https:\/\/doll.shop\/es\/wp-json\/wp\/v2\/media\/36602"}],"wp:attachment":[{"href":"https:\/\/doll.shop\/es\/wp-json\/wp\/v2\/media?parent=36601"}],"wp:term":[{"taxonomy":"product_brand","embeddable":true,"href":"https:\/\/doll.shop\/es\/wp-json\/wp\/v2\/product_brand?post=36601"},{"taxonomy":"product_cat","embeddable":true,"href":"https:\/\/doll.shop\/es\/wp-json\/wp\/v2\/product_cat?post=36601"},{"taxonomy":"product_tag","embeddable":true,"href":"https:\/\/doll.shop\/es\/wp-json\/wp\/v2\/product_tag?post=36601"}],"curies":[{"name":"wp","href":"https:\/\/api.w.org\/{rel}","templated":true}]}}