{"id":36586,"date":"2024-02-26T15:53:13","date_gmt":"2024-02-26T14:53:13","guid":{"rendered":"https:\/\/doll.shop\/produkt\/muneca-wm-lais-156-cm\/"},"modified":"2026-03-11T04:09:26","modified_gmt":"2026-03-11T03:09:26","slug":"muneca-wm-lais-156-cm","status":"publish","type":"product","link":"https:\/\/doll.shop\/es\/productos\/muneca-wm-lais-156-cm\/","title":{"rendered":"Mu\u00f1eca WM Lais | 156 cm"},"content":{"rendered":"","protected":false},"excerpt":{"rendered":"<p>WM Doll Lais, la seducci\u00f3n definitiva fabricada con elast\u00f3mero ultrapremium (TPE). Ofrece realismo y estrechos orificios corporales para sensaciones intensas. Su fuerte esqueleto interno y su pie con funci\u00f3n de bipedestaci\u00f3n garantizan cambios de posici\u00f3n sin esfuerzo e incluso la posici\u00f3n de pie. Los pechos de gel proporcionan un tacto natural incomparable. Con un certificado de autenticidad y un envoltorio discreto, tienes la garant\u00eda de durabilidad y calidad, todo ello en un elegante anonimato. \u00bfQu\u00e9 m\u00e1s deseas?<\/p>\n","protected":false},"featured_media":36587,"comment_status":"open","ping_status":"closed","template":"","meta":[],"product_brand":[],"product_cat":[983,984],"product_tag":[],"class_list":{"0":"post-36586","1":"product","2":"type-product","3":"status-publish","4":"has-post-thumbnail","6":"product_cat-munecas-sexuales","7":"product_cat-wmdoll-es","8":"pa_brand-muneca-wm-es-es","10":"first","11":"onbackorder","12":"taxable","13":"shipping-taxable","14":"purchasable","15":"product-type-simple"},"_links":{"self":[{"href":"https:\/\/doll.shop\/es\/wp-json\/wp\/v2\/product\/36586","targetHints":{"allow":["GET"]}}],"collection":[{"href":"https:\/\/doll.shop\/es\/wp-json\/wp\/v2\/product"}],"about":[{"href":"https:\/\/doll.shop\/es\/wp-json\/wp\/v2\/types\/product"}],"replies":[{"embeddable":true,"href":"https:\/\/doll.shop\/es\/wp-json\/wp\/v2\/comments?post=36586"}],"wp:featuredmedia":[{"embeddable":true,"href":"https:\/\/doll.shop\/es\/wp-json\/wp\/v2\/media\/36587"}],"wp:attachment":[{"href":"https:\/\/doll.shop\/es\/wp-json\/wp\/v2\/media?parent=36586"}],"wp:term":[{"taxonomy":"product_brand","embeddable":true,"href":"https:\/\/doll.shop\/es\/wp-json\/wp\/v2\/product_brand?post=36586"},{"taxonomy":"product_cat","embeddable":true,"href":"https:\/\/doll.shop\/es\/wp-json\/wp\/v2\/product_cat?post=36586"},{"taxonomy":"product_tag","embeddable":true,"href":"https:\/\/doll.shop\/es\/wp-json\/wp\/v2\/product_tag?post=36586"}],"curies":[{"name":"wp","href":"https:\/\/api.w.org\/{rel}","templated":true}]}}