{"id":36471,"date":"2023-08-01T10:22:35","date_gmt":"2023-08-01T08:22:35","guid":{"rendered":"https:\/\/doll.shop\/produkt\/dutchdoll-freya-157-cm\/"},"modified":"2026-04-14T13:05:34","modified_gmt":"2026-04-14T11:05:34","slug":"dutchdoll-freya-157-cm","status":"publish","type":"product","link":"https:\/\/doll.shop\/es\/productos\/dutchdoll-freya-157-cm\/","title":{"rendered":"DutchDoll Freya | 157 cm"},"content":{"rendered":"","protected":false},"excerpt":{"rendered":"<p>La DutchDoll Freya es una seductora rubia de 157 cm con grandes pechos. El TPE de alta calidad (V.3.0), el esqueleto EVO+ y los senos de gel garantizan una experiencia realista.<\/p>\n<p>Con un peso de s\u00f3lo 29 kg, Freya puede moverse sin esfuerzo y colocarse en varias posiciones.<\/p>\n<p>Su pelo rubio oscuro, sus ojos azules, su figura de reloj de arena y su copa talla E la hacen muy sexy. Opta por la combinaci\u00f3n perfecta de sofisticaci\u00f3n y curvas femeninas con el modelo 157E. Una elecci\u00f3n realista y sensual.<\/p>\n","protected":false},"featured_media":36472,"comment_status":"open","ping_status":"closed","template":"","meta":[],"product_brand":[],"product_cat":[1042,983],"product_tag":[],"class_list":{"0":"post-36471","1":"product","2":"type-product","3":"status-publish","4":"has-post-thumbnail","6":"product_cat-dutchdoll-es","7":"product_cat-munecas-sexuales","8":"pa_brand-dutchdoll-es","10":"first","11":"instock","12":"taxable","13":"shipping-taxable","14":"purchasable","15":"product-type-simple"},"_links":{"self":[{"href":"https:\/\/doll.shop\/es\/wp-json\/wp\/v2\/product\/36471","targetHints":{"allow":["GET"]}}],"collection":[{"href":"https:\/\/doll.shop\/es\/wp-json\/wp\/v2\/product"}],"about":[{"href":"https:\/\/doll.shop\/es\/wp-json\/wp\/v2\/types\/product"}],"replies":[{"embeddable":true,"href":"https:\/\/doll.shop\/es\/wp-json\/wp\/v2\/comments?post=36471"}],"wp:featuredmedia":[{"embeddable":true,"href":"https:\/\/doll.shop\/es\/wp-json\/wp\/v2\/media\/36472"}],"wp:attachment":[{"href":"https:\/\/doll.shop\/es\/wp-json\/wp\/v2\/media?parent=36471"}],"wp:term":[{"taxonomy":"product_brand","embeddable":true,"href":"https:\/\/doll.shop\/es\/wp-json\/wp\/v2\/product_brand?post=36471"},{"taxonomy":"product_cat","embeddable":true,"href":"https:\/\/doll.shop\/es\/wp-json\/wp\/v2\/product_cat?post=36471"},{"taxonomy":"product_tag","embeddable":true,"href":"https:\/\/doll.shop\/es\/wp-json\/wp\/v2\/product_tag?post=36471"}],"curies":[{"name":"wp","href":"https:\/\/api.w.org\/{rel}","templated":true}]}}