{"id":36395,"date":"2023-08-01T10:58:09","date_gmt":"2023-08-01T08:58:09","guid":{"rendered":"https:\/\/doll.shop\/produkt\/dutchdoll-alexis-159-cm\/"},"modified":"2026-04-15T05:36:30","modified_gmt":"2026-04-15T03:36:30","slug":"dutchdoll-alexis-159-cm","status":"publish","type":"product","link":"https:\/\/doll.shop\/es\/productos\/dutchdoll-alexis-159-cm\/","title":{"rendered":"DutchDoll Alexis | 159 cm"},"content":{"rendered":"","protected":false},"excerpt":{"rendered":"<p>Te presento a Alexis. Esta impresionante morena de chispeantes ojos azules y curvas seductoras es tu compa\u00f1era perfecta. Hecha de TPE de alta calidad (V3.0) y con pechos de gel para mayor realismo, Alexis parece de verdad. Con el esqueleto EVO+, el esqueleto de dedos y el soporte, ofrece una experiencia \u00f3ptima. A pesar de su gran tama\u00f1o de copa, esta mu\u00f1eca sexual s\u00f3lo pesa 29 kg y es extremadamente manejable.<\/p>\n<p>Gracias a su dise\u00f1o realista, al uso de las \u00faltimas tecnolog\u00edas y a su perfecto acabado, vivir\u00e1s experiencias inolvidables con Alexis.<\/p>\n<p>DutchDoll\u00ae ofrece calidad, innovaci\u00f3n y precios atractivos. \u00a1Disfruta de tus fantas\u00edas con DutchDoll\u00ae Alexis!<\/p>\n","protected":false},"featured_media":36432,"comment_status":"open","ping_status":"closed","template":"","meta":[],"product_brand":[],"product_cat":[1042,983],"product_tag":[],"class_list":{"0":"post-36395","1":"product","2":"type-product","3":"status-publish","4":"has-post-thumbnail","6":"product_cat-dutchdoll-es","7":"product_cat-munecas-sexuales","8":"pa_brand-dutchdoll-es","10":"first","11":"instock","12":"taxable","13":"shipping-taxable","14":"purchasable","15":"product-type-simple"},"_links":{"self":[{"href":"https:\/\/doll.shop\/es\/wp-json\/wp\/v2\/product\/36395","targetHints":{"allow":["GET"]}}],"collection":[{"href":"https:\/\/doll.shop\/es\/wp-json\/wp\/v2\/product"}],"about":[{"href":"https:\/\/doll.shop\/es\/wp-json\/wp\/v2\/types\/product"}],"replies":[{"embeddable":true,"href":"https:\/\/doll.shop\/es\/wp-json\/wp\/v2\/comments?post=36395"}],"wp:featuredmedia":[{"embeddable":true,"href":"https:\/\/doll.shop\/es\/wp-json\/wp\/v2\/media\/36432"}],"wp:attachment":[{"href":"https:\/\/doll.shop\/es\/wp-json\/wp\/v2\/media?parent=36395"}],"wp:term":[{"taxonomy":"product_brand","embeddable":true,"href":"https:\/\/doll.shop\/es\/wp-json\/wp\/v2\/product_brand?post=36395"},{"taxonomy":"product_cat","embeddable":true,"href":"https:\/\/doll.shop\/es\/wp-json\/wp\/v2\/product_cat?post=36395"},{"taxonomy":"product_tag","embeddable":true,"href":"https:\/\/doll.shop\/es\/wp-json\/wp\/v2\/product_tag?post=36395"}],"curies":[{"name":"wp","href":"https:\/\/api.w.org\/{rel}","templated":true}]}}