{"id":36323,"date":"2023-08-01T10:48:06","date_gmt":"2023-08-01T08:48:06","guid":{"rendered":"https:\/\/doll.shop\/produkt\/muneca-holandesa-kate-159-cm\/"},"modified":"2026-04-06T21:35:52","modified_gmt":"2026-04-06T19:35:52","slug":"muneca-holandesa-kate-159-cm","status":"publish","type":"product","link":"https:\/\/doll.shop\/es\/productos\/muneca-holandesa-kate-159-cm\/","title":{"rendered":"DutchDoll Kate | 159 cm"},"content":{"rendered":"","protected":false},"excerpt":{"rendered":"<p>Kate parece una aut\u00e9ntica belleza cl\u00e1sica. Robusta y segura de s\u00ed misma, es una elegante morena de 159 cm con una impresionante figura de reloj de arena y unos pechos grandes y reales. El rostro sim\u00e9trico de Kate, sus labios carnosos y sus ojos sensuales la hacen irresistible.<\/p>\n<p>Disfruta de una experiencia realista gracias al material TPE de alta calidad (V3.0) y a los senos suaves rellenos de gel para una comodidad \u00f3ptima. Con el esqueleto EVO+ y el esqueleto para los dedos, Kate se mueve sin esfuerzo en cualquier posici\u00f3n, incluso es posible sujetar objetos ligeros.<\/p>\n<p>DutchDoll\u00ae es conocida por su calidad y facilidad de uso, y con Kate ofrece una mu\u00f1eca sexual \u00fanica y atractiva que satisface todas tus necesidades. Como marca holandesa, DutchDoll\u00ae se dedica desde 2017 a producir mu\u00f1ecas sexuales de alta calidad para todos los bolsillos. Conoce a Kate y experimenta el m\u00e1ximo placer con DutchDoll\u00ae.<\/p>\n","protected":false},"featured_media":36327,"comment_status":"open","ping_status":"closed","template":"","meta":[],"product_brand":[],"product_cat":[1042,983],"product_tag":[],"class_list":{"0":"post-36323","1":"product","2":"type-product","3":"status-publish","4":"has-post-thumbnail","6":"product_cat-dutchdoll-es","7":"product_cat-munecas-sexuales","8":"pa_brand-dutchdoll-es","10":"first","11":"instock","12":"taxable","13":"shipping-taxable","14":"purchasable","15":"product-type-simple"},"_links":{"self":[{"href":"https:\/\/doll.shop\/es\/wp-json\/wp\/v2\/product\/36323","targetHints":{"allow":["GET"]}}],"collection":[{"href":"https:\/\/doll.shop\/es\/wp-json\/wp\/v2\/product"}],"about":[{"href":"https:\/\/doll.shop\/es\/wp-json\/wp\/v2\/types\/product"}],"replies":[{"embeddable":true,"href":"https:\/\/doll.shop\/es\/wp-json\/wp\/v2\/comments?post=36323"}],"wp:featuredmedia":[{"embeddable":true,"href":"https:\/\/doll.shop\/es\/wp-json\/wp\/v2\/media\/36327"}],"wp:attachment":[{"href":"https:\/\/doll.shop\/es\/wp-json\/wp\/v2\/media?parent=36323"}],"wp:term":[{"taxonomy":"product_brand","embeddable":true,"href":"https:\/\/doll.shop\/es\/wp-json\/wp\/v2\/product_brand?post=36323"},{"taxonomy":"product_cat","embeddable":true,"href":"https:\/\/doll.shop\/es\/wp-json\/wp\/v2\/product_cat?post=36323"},{"taxonomy":"product_tag","embeddable":true,"href":"https:\/\/doll.shop\/es\/wp-json\/wp\/v2\/product_tag?post=36323"}],"curies":[{"name":"wp","href":"https:\/\/api.w.org\/{rel}","templated":true}]}}