{"id":36266,"date":"2023-07-31T12:15:27","date_gmt":"2023-07-31T10:15:27","guid":{"rendered":"https:\/\/doll.shop\/produkt\/dutchdoll-emma-167-cm\/"},"modified":"2026-03-11T13:09:26","modified_gmt":"2026-03-11T12:09:26","slug":"dutchdoll-emma-167-cm","status":"publish","type":"product","link":"https:\/\/doll.shop\/es\/productos\/dutchdoll-emma-167-cm\/","title":{"rendered":"DutchDoll Emma | 167 cm"},"content":{"rendered":"","protected":false},"excerpt":{"rendered":"<p>Emma es la personificaci\u00f3n de la belleza y la elegancia. Con sus 167 cm de altura, su f\u00edsico esbelto y sus ojos azules, brilla como una top model. El esqueleto EVO+ de Emma, el esqueleto para los dedos y la funci\u00f3n de soporte la hacen incre\u00edblemente flexible y f\u00e1cil de usar. Su piel de TPE de alta calidad tiene un tacto sensacionalmente realista.<\/p>\n<p>Disfruta de la detallada simetr\u00eda de su rostro, con ojos almendrados, nariz peque\u00f1a y labios carnosos. Experimenta la calidad holandesa de DutchDoll\u00ae: duradera, f\u00e1cil de cuidar y con un precio irresistible. Reg\u00e1late la compa\u00f1era perfecta: DutchDoll\u00ae Emma.<\/p>\n","protected":false},"featured_media":36279,"comment_status":"open","ping_status":"closed","template":"","meta":[],"product_brand":[],"product_cat":[1042,983],"product_tag":[],"class_list":{"0":"post-36266","1":"product","2":"type-product","3":"status-publish","4":"has-post-thumbnail","6":"product_cat-dutchdoll-es","7":"product_cat-munecas-sexuales","8":"pa_brand-dutchdoll-es","10":"first","11":"outofstock","12":"sale","13":"taxable","14":"shipping-taxable","15":"purchasable","16":"product-type-simple"},"_links":{"self":[{"href":"https:\/\/doll.shop\/es\/wp-json\/wp\/v2\/product\/36266","targetHints":{"allow":["GET"]}}],"collection":[{"href":"https:\/\/doll.shop\/es\/wp-json\/wp\/v2\/product"}],"about":[{"href":"https:\/\/doll.shop\/es\/wp-json\/wp\/v2\/types\/product"}],"replies":[{"embeddable":true,"href":"https:\/\/doll.shop\/es\/wp-json\/wp\/v2\/comments?post=36266"}],"wp:featuredmedia":[{"embeddable":true,"href":"https:\/\/doll.shop\/es\/wp-json\/wp\/v2\/media\/36279"}],"wp:attachment":[{"href":"https:\/\/doll.shop\/es\/wp-json\/wp\/v2\/media?parent=36266"}],"wp:term":[{"taxonomy":"product_brand","embeddable":true,"href":"https:\/\/doll.shop\/es\/wp-json\/wp\/v2\/product_brand?post=36266"},{"taxonomy":"product_cat","embeddable":true,"href":"https:\/\/doll.shop\/es\/wp-json\/wp\/v2\/product_cat?post=36266"},{"taxonomy":"product_tag","embeddable":true,"href":"https:\/\/doll.shop\/es\/wp-json\/wp\/v2\/product_tag?post=36266"}],"curies":[{"name":"wp","href":"https:\/\/api.w.org\/{rel}","templated":true}]}}