{"id":36170,"date":"2023-08-01T10:53:12","date_gmt":"2023-08-01T08:53:12","guid":{"rendered":"https:\/\/doll.shop\/produkt\/muneca-holandesa-mia-159-cm\/"},"modified":"2026-04-17T19:17:58","modified_gmt":"2026-04-17T17:17:58","slug":"muneca-holandesa-mia-159-cm","status":"publish","type":"product","link":"https:\/\/doll.shop\/es\/productos\/muneca-holandesa-mia-159-cm\/","title":{"rendered":"DutchDoll Mia | 159 cm"},"content":{"rendered":"","protected":false},"excerpt":{"rendered":"<p>DutchDoll\u00ae Mia es una belleza escandinava de 159 cm de altura, con una voluptuosa figura de reloj de arena y un encantador cabello rubio claro. Sus grandes pechos (copa E) y sus rasgos faciales realistas la hacen irresistible. El TPE de alta calidad (V3.0) utilizado para fabricar esta mu\u00f1eca sexual garantiza la m\u00e1xima comodidad y realismo, mientras que su bajo peso de 29 kg la hace extremadamente flexible. Con el esqueleto EVO+ y el esqueleto de dedos, puedes moverlos f\u00e1cilmente a cualquier posici\u00f3n e incluso dejar que sujeten objetos ligeros. Tanto si te sientes solo, como si quieres darle un toque picante a tu vida sexual o vivir tus fantas\u00edas, Mia siempre est\u00e1 ah\u00ed para ti. \u00a1Haz tu pedido ahora y experimenta tus fantas\u00edas m\u00e1s salvajes con DutchDoll\u00ae!<\/p>\n","protected":false},"featured_media":36171,"comment_status":"open","ping_status":"closed","template":"","meta":[],"product_brand":[],"product_cat":[1042,983],"product_tag":[],"class_list":{"0":"post-36170","1":"product","2":"type-product","3":"status-publish","4":"has-post-thumbnail","6":"product_cat-dutchdoll-es","7":"product_cat-munecas-sexuales","8":"pa_brand-dutchdoll-es","10":"first","11":"instock","12":"taxable","13":"shipping-taxable","14":"purchasable","15":"product-type-simple"},"_links":{"self":[{"href":"https:\/\/doll.shop\/es\/wp-json\/wp\/v2\/product\/36170","targetHints":{"allow":["GET"]}}],"collection":[{"href":"https:\/\/doll.shop\/es\/wp-json\/wp\/v2\/product"}],"about":[{"href":"https:\/\/doll.shop\/es\/wp-json\/wp\/v2\/types\/product"}],"replies":[{"embeddable":true,"href":"https:\/\/doll.shop\/es\/wp-json\/wp\/v2\/comments?post=36170"}],"wp:featuredmedia":[{"embeddable":true,"href":"https:\/\/doll.shop\/es\/wp-json\/wp\/v2\/media\/36171"}],"wp:attachment":[{"href":"https:\/\/doll.shop\/es\/wp-json\/wp\/v2\/media?parent=36170"}],"wp:term":[{"taxonomy":"product_brand","embeddable":true,"href":"https:\/\/doll.shop\/es\/wp-json\/wp\/v2\/product_brand?post=36170"},{"taxonomy":"product_cat","embeddable":true,"href":"https:\/\/doll.shop\/es\/wp-json\/wp\/v2\/product_cat?post=36170"},{"taxonomy":"product_tag","embeddable":true,"href":"https:\/\/doll.shop\/es\/wp-json\/wp\/v2\/product_tag?post=36170"}],"curies":[{"name":"wp","href":"https:\/\/api.w.org\/{rel}","templated":true}]}}