{"id":36147,"date":"2023-08-01T10:15:29","date_gmt":"2023-08-01T08:15:29","guid":{"rendered":"https:\/\/doll.shop\/produkt\/dutchdoll-eva-157-cm\/"},"modified":"2026-04-21T21:33:33","modified_gmt":"2026-04-21T19:33:33","slug":"dutchdoll-eva-157-cm","status":"publish","type":"product","link":"https:\/\/doll.shop\/es\/productos\/dutchdoll-eva-157-cm\/","title":{"rendered":"DutchDoll Eva | 157 cm"},"content":{"rendered":"","protected":false},"excerpt":{"rendered":"<p>Eva parece la seductora definitiva, haciendo realidad todos tus sue\u00f1os m\u00e1s salvajes. Esta ligera mu\u00f1eca sexual s\u00f3lo pesa 29 kg, por lo que es f\u00e1cil de mover y manejar. El esqueleto EVO+ te permite colocarla en posturas similares a las de una mujer real.<\/p>\n","protected":false},"featured_media":36148,"comment_status":"open","ping_status":"closed","template":"","meta":[],"product_brand":[],"product_cat":[1042,983],"product_tag":[],"class_list":{"0":"post-36147","1":"product","2":"type-product","3":"status-publish","4":"has-post-thumbnail","6":"product_cat-dutchdoll-es","7":"product_cat-munecas-sexuales","8":"pa_brand-dutchdoll-es","10":"first","11":"outofstock","12":"taxable","13":"shipping-taxable","14":"purchasable","15":"product-type-simple"},"_links":{"self":[{"href":"https:\/\/doll.shop\/es\/wp-json\/wp\/v2\/product\/36147","targetHints":{"allow":["GET"]}}],"collection":[{"href":"https:\/\/doll.shop\/es\/wp-json\/wp\/v2\/product"}],"about":[{"href":"https:\/\/doll.shop\/es\/wp-json\/wp\/v2\/types\/product"}],"replies":[{"embeddable":true,"href":"https:\/\/doll.shop\/es\/wp-json\/wp\/v2\/comments?post=36147"}],"wp:featuredmedia":[{"embeddable":true,"href":"https:\/\/doll.shop\/es\/wp-json\/wp\/v2\/media\/36148"}],"wp:attachment":[{"href":"https:\/\/doll.shop\/es\/wp-json\/wp\/v2\/media?parent=36147"}],"wp:term":[{"taxonomy":"product_brand","embeddable":true,"href":"https:\/\/doll.shop\/es\/wp-json\/wp\/v2\/product_brand?post=36147"},{"taxonomy":"product_cat","embeddable":true,"href":"https:\/\/doll.shop\/es\/wp-json\/wp\/v2\/product_cat?post=36147"},{"taxonomy":"product_tag","embeddable":true,"href":"https:\/\/doll.shop\/es\/wp-json\/wp\/v2\/product_tag?post=36147"}],"curies":[{"name":"wp","href":"https:\/\/api.w.org\/{rel}","templated":true}]}}