{"id":36122,"date":"2023-02-09T11:29:31","date_gmt":"2023-02-09T10:29:31","guid":{"rendered":"https:\/\/doll.shop\/produkt\/muneca-wm-thea-159-cm\/"},"modified":"2026-03-10T19:23:39","modified_gmt":"2026-03-10T18:23:39","slug":"muneca-wm-thea-159-cm","status":"publish","type":"product","link":"https:\/\/doll.shop\/es\/productos\/muneca-wm-thea-159-cm\/","title":{"rendered":"WM Doll Thea | 159 cm"},"content":{"rendered":"","protected":false},"excerpt":{"rendered":"<p>WM Doll Thea parece una rubia sacada de un cat\u00e1logo de moda que ha cobrado vida. Con una altura de 159 cm, esta mu\u00f1eca del amor es relativamente peque\u00f1a y, por tanto, la elecci\u00f3n perfecta para todos los hombres que encuentran atractivas a las mujeres m\u00e1s peque\u00f1as. Thea se parece un poco a Cenicienta y no s\u00f3lo tiene un rostro hermoso, sino tambi\u00e9n una figura atl\u00e9tica y muy atractiva. Si buscas una dama con una energ\u00eda desbordante, la Mu\u00f1eca WM Thea podr\u00eda ser la mujer perfecta para ti. Thea tiene un culo de burbuja perfecto y unos maravillosos pechos redondos que hacen sudar a cualquier hombre.<\/p>\n","protected":false},"featured_media":36126,"comment_status":"open","ping_status":"closed","template":"","meta":[],"product_brand":[],"product_cat":[984,983],"product_tag":[],"class_list":{"0":"post-36122","1":"product","2":"type-product","3":"status-publish","4":"has-post-thumbnail","6":"product_cat-wmdoll-es","7":"product_cat-munecas-sexuales","8":"pa_brand-muneca-wm-es-es","10":"first","11":"onbackorder","12":"taxable","13":"shipping-taxable","14":"purchasable","15":"product-type-simple"},"_links":{"self":[{"href":"https:\/\/doll.shop\/es\/wp-json\/wp\/v2\/product\/36122","targetHints":{"allow":["GET"]}}],"collection":[{"href":"https:\/\/doll.shop\/es\/wp-json\/wp\/v2\/product"}],"about":[{"href":"https:\/\/doll.shop\/es\/wp-json\/wp\/v2\/types\/product"}],"replies":[{"embeddable":true,"href":"https:\/\/doll.shop\/es\/wp-json\/wp\/v2\/comments?post=36122"}],"wp:featuredmedia":[{"embeddable":true,"href":"https:\/\/doll.shop\/es\/wp-json\/wp\/v2\/media\/36126"}],"wp:attachment":[{"href":"https:\/\/doll.shop\/es\/wp-json\/wp\/v2\/media?parent=36122"}],"wp:term":[{"taxonomy":"product_brand","embeddable":true,"href":"https:\/\/doll.shop\/es\/wp-json\/wp\/v2\/product_brand?post=36122"},{"taxonomy":"product_cat","embeddable":true,"href":"https:\/\/doll.shop\/es\/wp-json\/wp\/v2\/product_cat?post=36122"},{"taxonomy":"product_tag","embeddable":true,"href":"https:\/\/doll.shop\/es\/wp-json\/wp\/v2\/product_tag?post=36122"}],"curies":[{"name":"wp","href":"https:\/\/api.w.org\/{rel}","templated":true}]}}