{"id":36088,"date":"2023-02-09T11:19:43","date_gmt":"2023-02-09T10:19:43","guid":{"rendered":"https:\/\/doll.shop\/produkt\/muneca-ak-maja-165cm\/"},"modified":"2026-03-11T00:19:34","modified_gmt":"2026-03-10T23:19:34","slug":"muneca-ak-maja-165cm","status":"publish","type":"product","link":"https:\/\/doll.shop\/es\/productos\/muneca-ak-maja-165cm\/","title":{"rendered":"AK Doll Maja | 165cm"},"content":{"rendered":"","protected":false},"excerpt":{"rendered":"<p>Maja es una mu\u00f1eca sexual premium de la marca AK Doll que tiene mucho mejor aspecto del que tiene en la vida real. Si te apetece vivir una aventura inolvidable con una bella morena, deber\u00edas echar un vistazo a esta mu\u00f1eca del amor. Maja mide 165 cm, por lo que puede ser la compa\u00f1era perfecta para ti, independientemente de tu estatura, edad o fuerza. Maja tiene un rostro encantador y hermoso, con unos labios maravillosos y carnosos que invitan a besarlos. Adem\u00e1s de una cara bonita, AK Doll Maja tambi\u00e9n tiene el cuerpo de una supermodelo, con unos preciosos pechos turgentes. Si optas por esta mu\u00f1eca sexual, fabricada \u00edntegramente en silicona, te garantizamos que tu vida sexual pasar\u00e1 a un nivel completamente nuevo.<\/p>\n","protected":false},"featured_media":36089,"comment_status":"open","ping_status":"closed","template":"","meta":[],"product_brand":[],"product_cat":[1035,983],"product_tag":[],"class_list":{"0":"post-36088","1":"product","2":"type-product","3":"status-publish","4":"has-post-thumbnail","6":"product_cat-akdoll-es","7":"product_cat-munecas-sexuales","8":"pa_brand-muneca-ak","10":"first","11":"onbackorder","12":"taxable","13":"shipping-taxable","14":"purchasable","15":"product-type-simple"},"_links":{"self":[{"href":"https:\/\/doll.shop\/es\/wp-json\/wp\/v2\/product\/36088","targetHints":{"allow":["GET"]}}],"collection":[{"href":"https:\/\/doll.shop\/es\/wp-json\/wp\/v2\/product"}],"about":[{"href":"https:\/\/doll.shop\/es\/wp-json\/wp\/v2\/types\/product"}],"replies":[{"embeddable":true,"href":"https:\/\/doll.shop\/es\/wp-json\/wp\/v2\/comments?post=36088"}],"wp:featuredmedia":[{"embeddable":true,"href":"https:\/\/doll.shop\/es\/wp-json\/wp\/v2\/media\/36089"}],"wp:attachment":[{"href":"https:\/\/doll.shop\/es\/wp-json\/wp\/v2\/media?parent=36088"}],"wp:term":[{"taxonomy":"product_brand","embeddable":true,"href":"https:\/\/doll.shop\/es\/wp-json\/wp\/v2\/product_brand?post=36088"},{"taxonomy":"product_cat","embeddable":true,"href":"https:\/\/doll.shop\/es\/wp-json\/wp\/v2\/product_cat?post=36088"},{"taxonomy":"product_tag","embeddable":true,"href":"https:\/\/doll.shop\/es\/wp-json\/wp\/v2\/product_tag?post=36088"}],"curies":[{"name":"wp","href":"https:\/\/api.w.org\/{rel}","templated":true}]}}