{"id":36062,"date":"2023-02-09T10:59:19","date_gmt":"2023-02-09T09:59:19","guid":{"rendered":"https:\/\/doll.shop\/produkt\/muneca-ak-alessia-175-cm\/"},"modified":"2026-03-10T23:24:27","modified_gmt":"2026-03-10T22:24:27","slug":"muneca-ak-alessia-175-cm","status":"publish","type":"product","link":"https:\/\/doll.shop\/es\/productos\/muneca-ak-alessia-175-cm\/","title":{"rendered":"AK Doll Alessia | 175 cm"},"content":{"rendered":"","protected":false},"excerpt":{"rendered":"<p>Esta preciosa rubia de la marca AK Doll destaca por su figura incre\u00edblemente atl\u00e9tica. Alessia tiene una risa encantadora que vuelve loco a cualquier hombre. Con 175 cm de altura, esta mu\u00f1eca sexual es bastante grande. Por eso AK Doll Alessia es la pareja perfecta para todos los hombres a los que les gustan las mujeres m\u00e1s corpulentas. Alessia tiene unos pechos maravillosos y un trasero bien tonificado. Unas piernas largas y esbeltas y un vientre extremadamente plano acent\u00faan a\u00fan m\u00e1s la deportividad de esta mu\u00f1eca del amor. Alessia est\u00e1 hecha totalmente de silicona, por lo que no s\u00f3lo es de gran calidad, sino tambi\u00e9n incre\u00edblemente realista.<\/p>\n","protected":false},"featured_media":36063,"comment_status":"open","ping_status":"closed","template":"","meta":[],"product_brand":[],"product_cat":[1035,983],"product_tag":[],"class_list":{"0":"post-36062","1":"product","2":"type-product","3":"status-publish","4":"has-post-thumbnail","6":"product_cat-akdoll-es","7":"product_cat-munecas-sexuales","8":"pa_brand-muneca-ak","10":"first","11":"onbackorder","12":"taxable","13":"shipping-taxable","14":"purchasable","15":"product-type-simple"},"_links":{"self":[{"href":"https:\/\/doll.shop\/es\/wp-json\/wp\/v2\/product\/36062","targetHints":{"allow":["GET"]}}],"collection":[{"href":"https:\/\/doll.shop\/es\/wp-json\/wp\/v2\/product"}],"about":[{"href":"https:\/\/doll.shop\/es\/wp-json\/wp\/v2\/types\/product"}],"replies":[{"embeddable":true,"href":"https:\/\/doll.shop\/es\/wp-json\/wp\/v2\/comments?post=36062"}],"wp:featuredmedia":[{"embeddable":true,"href":"https:\/\/doll.shop\/es\/wp-json\/wp\/v2\/media\/36063"}],"wp:attachment":[{"href":"https:\/\/doll.shop\/es\/wp-json\/wp\/v2\/media?parent=36062"}],"wp:term":[{"taxonomy":"product_brand","embeddable":true,"href":"https:\/\/doll.shop\/es\/wp-json\/wp\/v2\/product_brand?post=36062"},{"taxonomy":"product_cat","embeddable":true,"href":"https:\/\/doll.shop\/es\/wp-json\/wp\/v2\/product_cat?post=36062"},{"taxonomy":"product_tag","embeddable":true,"href":"https:\/\/doll.shop\/es\/wp-json\/wp\/v2\/product_tag?post=36062"}],"curies":[{"name":"wp","href":"https:\/\/api.w.org\/{rel}","templated":true}]}}