{"id":36015,"date":"2022-12-12T10:25:24","date_gmt":"2022-12-12T09:25:24","guid":{"rendered":"https:\/\/doll.shop\/produkt\/muneca-ak-thea-175-cm\/"},"modified":"2026-03-11T01:34:44","modified_gmt":"2026-03-11T00:34:44","slug":"muneca-ak-thea-175-cm","status":"publish","type":"product","link":"https:\/\/doll.shop\/es\/productos\/muneca-ak-thea-175-cm\/","title":{"rendered":"AK Doll Thea | 175 cm"},"content":{"rendered":"","protected":false},"excerpt":{"rendered":"<p>Doll.shop presenta la mu\u00f1eca AK Doll Thea, una mu\u00f1eca sexual premium muy especial. Si s\u00f3lo te interesa lo mejor de lo mejor, no deber\u00edas perderte a esta maravillosa morena. <\/p>\n<p>Esta mu\u00f1eca del amor es muy impresionante, con una altura de 175 cm. Esto la convierte en la compa\u00f1era perfecta para todos los amantes de las mujeres altas. Thea tiene unas piernas encantadoramente largas y esbeltas que enloquecen r\u00e1pidamente. Adem\u00e1s, esta morena tiene un cuerpo de ensue\u00f1o. Tiene unos pechos hermosos y grandes, as\u00ed como un trasero atractivo y deportivo. Adem\u00e1s, AK Doll Thea es en general muy delgada y s\u00f3lo tiene curvas femeninas en los lugares exactos. Thea tiene un color de piel muy claro, por lo que resulta muy elegante. Esta mu\u00f1eca del amor de la marca AK Doll no s\u00f3lo tiene un cuerpo perfecto, sino tambi\u00e9n una cara muy bonita y encantadora. Imag\u00ednate los bellos y rom\u00e1nticos momentos que puedes pasar con Thea durante la cena. Tambi\u00e9n puedes dejar volar tu imaginaci\u00f3n y satisfacer todos tus deseos sexuales con esta mujer de ensue\u00f1o.<\/p>\n","protected":false},"featured_media":36016,"comment_status":"open","ping_status":"closed","template":"","meta":[],"product_brand":[],"product_cat":[1035,983],"product_tag":[],"class_list":{"0":"post-36015","1":"product","2":"type-product","3":"status-publish","4":"has-post-thumbnail","6":"product_cat-akdoll-es","7":"product_cat-munecas-sexuales","8":"pa_brand-muneca-ak","10":"first","11":"onbackorder","12":"taxable","13":"shipping-taxable","14":"purchasable","15":"product-type-simple"},"_links":{"self":[{"href":"https:\/\/doll.shop\/es\/wp-json\/wp\/v2\/product\/36015","targetHints":{"allow":["GET"]}}],"collection":[{"href":"https:\/\/doll.shop\/es\/wp-json\/wp\/v2\/product"}],"about":[{"href":"https:\/\/doll.shop\/es\/wp-json\/wp\/v2\/types\/product"}],"replies":[{"embeddable":true,"href":"https:\/\/doll.shop\/es\/wp-json\/wp\/v2\/comments?post=36015"}],"wp:featuredmedia":[{"embeddable":true,"href":"https:\/\/doll.shop\/es\/wp-json\/wp\/v2\/media\/36016"}],"wp:attachment":[{"href":"https:\/\/doll.shop\/es\/wp-json\/wp\/v2\/media?parent=36015"}],"wp:term":[{"taxonomy":"product_brand","embeddable":true,"href":"https:\/\/doll.shop\/es\/wp-json\/wp\/v2\/product_brand?post=36015"},{"taxonomy":"product_cat","embeddable":true,"href":"https:\/\/doll.shop\/es\/wp-json\/wp\/v2\/product_cat?post=36015"},{"taxonomy":"product_tag","embeddable":true,"href":"https:\/\/doll.shop\/es\/wp-json\/wp\/v2\/product_tag?post=36015"}],"curies":[{"name":"wp","href":"https:\/\/api.w.org\/{rel}","templated":true}]}}