{"id":35981,"date":"2022-11-21T10:26:07","date_gmt":"2022-11-21T09:26:07","guid":{"rendered":"https:\/\/doll.shop\/produkt\/muneca-ak-martha-165cm\/"},"modified":"2026-03-11T00:42:54","modified_gmt":"2026-03-10T23:42:54","slug":"muneca-ak-martha-165cm","status":"publish","type":"product","link":"https:\/\/doll.shop\/es\/productos\/muneca-ak-martha-165cm\/","title":{"rendered":"AK Doll Martha | 165cm"},"content":{"rendered":"","protected":false},"excerpt":{"rendered":"<p>Esta morena mide 165 cm y atrae todas las miradas. Gracias a su tama\u00f1o muy realista, esta mu\u00f1eca sexual parece indescriptiblemente real. Tiene una complexi\u00f3n muy esbelta y unas piernas largas y atractivas. La parte superior de su cuerpo tambi\u00e9n es muy delgada, excepto los pechos. Tiene un vientre plano y muy atl\u00e9tico y unos pechos maravillosos y perfectamente redondos. Sin embargo, esta mu\u00f1eca no es s\u00f3lo para los amantes de los pechos. Tambi\u00e9n tiene un culo estupendo. Tambi\u00e9n tiene un rostro hermoso y perfectamente sim\u00e9trico. Cuando veas esta belleza por primera vez, probablemente no creer\u00e1s lo que ven tus ojos. Es dif\u00edcil imaginar que alguien pueda tener tan buen aspecto en la vida real. Realmente puedes hacer lo que quieras con esta mu\u00f1eca sexual AK Doll. No importa si te apetecen m\u00e1s los mimos en la cama o si quieres vivir tus fantas\u00edas m\u00e1s salvajes con esta mu\u00f1eca del amor. Cuando decimos que todo es posible, lo decimos en serio. Puedes probar distintas posturas durante el sexo, pero tambi\u00e9n puedes optar por los juegos de rol con la mu\u00f1eca de AK Doll. T\u00fa decides en todo momento lo que quieres hacer con la mujer de tus sue\u00f1os.<\/p>\n<p>Ten en cuenta que todos los modelos AK Doll se suministran de serie con una peluca extra\u00edble. Si quieres una peluca implantada, ponte en contacto con nosotros para obtener m\u00e1s informaci\u00f3n.<\/p>\n","protected":false},"featured_media":35982,"comment_status":"open","ping_status":"closed","template":"","meta":[],"product_brand":[],"product_cat":[1035,983],"product_tag":[],"class_list":{"0":"post-35981","1":"product","2":"type-product","3":"status-publish","4":"has-post-thumbnail","6":"product_cat-akdoll-es","7":"product_cat-munecas-sexuales","8":"pa_brand-muneca-ak","10":"first","11":"onbackorder","12":"taxable","13":"shipping-taxable","14":"purchasable","15":"product-type-simple"},"_links":{"self":[{"href":"https:\/\/doll.shop\/es\/wp-json\/wp\/v2\/product\/35981","targetHints":{"allow":["GET"]}}],"collection":[{"href":"https:\/\/doll.shop\/es\/wp-json\/wp\/v2\/product"}],"about":[{"href":"https:\/\/doll.shop\/es\/wp-json\/wp\/v2\/types\/product"}],"replies":[{"embeddable":true,"href":"https:\/\/doll.shop\/es\/wp-json\/wp\/v2\/comments?post=35981"}],"wp:featuredmedia":[{"embeddable":true,"href":"https:\/\/doll.shop\/es\/wp-json\/wp\/v2\/media\/35982"}],"wp:attachment":[{"href":"https:\/\/doll.shop\/es\/wp-json\/wp\/v2\/media?parent=35981"}],"wp:term":[{"taxonomy":"product_brand","embeddable":true,"href":"https:\/\/doll.shop\/es\/wp-json\/wp\/v2\/product_brand?post=35981"},{"taxonomy":"product_cat","embeddable":true,"href":"https:\/\/doll.shop\/es\/wp-json\/wp\/v2\/product_cat?post=35981"},{"taxonomy":"product_tag","embeddable":true,"href":"https:\/\/doll.shop\/es\/wp-json\/wp\/v2\/product_tag?post=35981"}],"curies":[{"name":"wp","href":"https:\/\/api.w.org\/{rel}","templated":true}]}}